{"id":1555,"date":"2023-06-12T12:13:38","date_gmt":"2023-06-12T12:13:38","guid":{"rendered":"http:\/\/agricube.tech\/?page_id=1555"},"modified":"2023-08-21T11:10:08","modified_gmt":"2023-08-21T11:10:08","slug":"elementor-1555","status":"publish","type":"page","link":"https:\/\/agricube.tech\/es_es\/elementor-1555","title":{"rendered":"Instalaciones"},"content":{"rendered":"<div data-elementor-type=\"wp-page\" data-elementor-id=\"1555\" class=\"elementor elementor-1555\">\n\t\t\t\t\t\t<section class=\"elementor-section elementor-top-section elementor-element elementor-element-123d313 elementor-section-boxed elementor-section-height-default elementor-section-height-default\" data-id=\"123d313\" data-element_type=\"section\">\n\t\t\t\t\t\t<div class=\"elementor-container elementor-column-gap-default\">\n\t\t\t\t\t<div class=\"elementor-column elementor-col-100 elementor-top-column elementor-element elementor-element-8e46658\" data-id=\"8e46658\" data-element_type=\"column\">\n\t\t\t<div class=\"elementor-widget-wrap elementor-element-populated\">\n\t\t\t\t\t\t<div class=\"elementor-element elementor-element-bb03f75 elementor-widget elementor-widget-google_maps\" data-id=\"bb03f75\" data-element_type=\"widget\" data-widget_type=\"google_maps.default\">\n\t\t\t\t<div class=\"elementor-widget-container\">\n\t\t\t<style>\/*! elementor - v3.19.0 - 26-02-2024 *\/\n.elementor-widget-google_maps .elementor-widget-container{overflow:hidden}.elementor-widget-google_maps .elementor-custom-embed{line-height:0}.elementor-widget-google_maps iframe{height:300px}<\/style>\t\t<div class=\"elementor-custom-embed\">\n\t\t\t<iframe loading=\"lazy\"\n\t\t\t\t\tsrc=\"https:\/\/maps.google.com\/maps?q=proinsener&#038;t=m&#038;z=11&#038;output=embed&#038;iwloc=near\"\n\t\t\t\t\ttitle=\"proinsener\"\n\t\t\t\t\taria-label=\"proinsener\"\n\t\t\t><\/iframe>\n\t\t<\/div>\n\t\t\t\t<\/div>\n\t\t\t\t<\/div>\n\t\t\t\t\t<\/div>\n\t\t<\/div>\n\t\t\t\t\t<\/div>\n\t\t<\/section>\n\t\t\t\t<section class=\"elementor-section elementor-top-section elementor-element elementor-element-3dd126a elementor-section-boxed elementor-section-height-default elementor-section-height-default\" data-id=\"3dd126a\" data-element_type=\"section\">\n\t\t\t\t\t\t<div class=\"elementor-container elementor-column-gap-default\">\n\t\t\t\t\t<div class=\"elementor-column elementor-col-100 elementor-top-column elementor-element elementor-element-89111cf\" data-id=\"89111cf\" data-element_type=\"column\">\n\t\t\t<div class=\"elementor-widget-wrap elementor-element-populated\">\n\t\t\t\t\t\t<div class=\"elementor-element elementor-element-fd1feb4 elementor-widget elementor-widget-video\" data-id=\"fd1feb4\" data-element_type=\"widget\" data-settings=\"{&quot;youtube_url&quot;:&quot;https:\\\/\\\/youtu.be\\\/tu423o3T51g&quot;,&quot;autoplay&quot;:&quot;yes&quot;,&quot;mute&quot;:&quot;yes&quot;,&quot;video_type&quot;:&quot;youtube&quot;}\" data-widget_type=\"video.default\">\n\t\t\t\t<div class=\"elementor-widget-container\">\n\t\t\t<style>\/*! elementor - v3.19.0 - 26-02-2024 *\/\n.elementor-widget-video .elementor-widget-container{overflow:hidden;transform:translateZ(0)}.elementor-widget-video .elementor-wrapper{aspect-ratio:var(--video-aspect-ratio)}.elementor-widget-video .elementor-wrapper iframe,.elementor-widget-video .elementor-wrapper video{height:100%;width:100%;display:flex;border:none;background-color:#000}@supports not (aspect-ratio:1\/1){.elementor-widget-video .elementor-wrapper{position:relative;overflow:hidden;height:0;padding-bottom:calc(100% \/ var(--video-aspect-ratio))}.elementor-widget-video .elementor-wrapper iframe,.elementor-widget-video .elementor-wrapper video{position:absolute;top:0;right:0;bottom:0;left:0}}.elementor-widget-video .elementor-open-inline .elementor-custom-embed-image-overlay{position:absolute;top:0;right:0;bottom:0;left:0;background-size:cover;background-position:50%}.elementor-widget-video .elementor-custom-embed-image-overlay{cursor:pointer;text-align:center}.elementor-widget-video .elementor-custom-embed-image-overlay:hover .elementor-custom-embed-play i{opacity:1}.elementor-widget-video .elementor-custom-embed-image-overlay img{display:block;width:100%;aspect-ratio:var(--video-aspect-ratio);-o-object-fit:cover;object-fit:cover;-o-object-position:center center;object-position:center center}@supports not (aspect-ratio:1\/1){.elementor-widget-video .elementor-custom-embed-image-overlay{position:relative;overflow:hidden;height:0;padding-bottom:calc(100% \/ var(--video-aspect-ratio))}.elementor-widget-video .elementor-custom-embed-image-overlay img{position:absolute;top:0;right:0;bottom:0;left:0}}.elementor-widget-video .e-hosted-video .elementor-video{-o-object-fit:cover;object-fit:cover}.e-con-inner>.elementor-widget-video,.e-con>.elementor-widget-video{width:var(--container-widget-width);--flex-grow:var(--container-widget-flex-grow)}<\/style>\t\t<div class=\"elementor-wrapper elementor-open-inline\">\n\t\t\t<div class=\"elementor-video\"><\/div>\t\t<\/div>\n\t\t\t\t<\/div>\n\t\t\t\t<\/div>\n\t\t\t\t<div class=\"elementor-element elementor-element-6aeffba elementor-widget elementor-widget-image\" data-id=\"6aeffba\" data-element_type=\"widget\" data-widget_type=\"image.default\">\n\t\t\t\t<div class=\"elementor-widget-container\">\n\t\t\t<style>\/*! elementor - v3.19.0 - 26-02-2024 *\/\n.elementor-widget-image{text-align:center}.elementor-widget-image a{display:inline-block}.elementor-widget-image a img[src$=\".svg\"]{width:48px}.elementor-widget-image img{vertical-align:middle;display:inline-block}<\/style>\t\t\t\t\t\t\t\t\t\t<img fetchpriority=\"high\" decoding=\"async\" width=\"615\" height=\"338\" src=\"https:\/\/agricube.tech\/wp-content\/uploads\/2023\/06\/imagen5.png.jpg\" class=\"attachment-full size-full wp-image-2039\" alt=\"\" srcset=\"https:\/\/agricube.tech\/wp-content\/uploads\/2023\/06\/imagen5.png.jpg 615w, https:\/\/agricube.tech\/wp-content\/uploads\/2023\/06\/imagen5.png-600x330.jpg 600w, https:\/\/agricube.tech\/wp-content\/uploads\/2023\/06\/imagen5.png-300x165.jpg 300w\" sizes=\"(max-width: 615px) 100vw, 615px\" \/>\t\t\t\t\t\t\t\t\t\t\t\t\t<\/div>\n\t\t\t\t<\/div>\n\t\t\t\t\t<\/div>\n\t\t<\/div>\n\t\t\t\t\t<\/div>\n\t\t<\/section>\n\t\t\t\t<section class=\"elementor-section elementor-top-section elementor-element elementor-element-4da3780 elementor-section-boxed elementor-section-height-default elementor-section-height-default\" data-id=\"4da3780\" data-element_type=\"section\">\n\t\t\t\t\t\t<div class=\"elementor-container elementor-column-gap-default\">\n\t\t\t\t\t<div class=\"elementor-column elementor-col-100 elementor-top-column elementor-element elementor-element-f6a3832\" data-id=\"f6a3832\" data-element_type=\"column\">\n\t\t\t<div class=\"elementor-widget-wrap elementor-element-populated\">\n\t\t\t\t\t\t<div class=\"elementor-element elementor-element-6bc49ed animated-slow elementor-invisible elementor-widget elementor-widget-heading\" data-id=\"6bc49ed\" data-element_type=\"widget\" data-settings=\"{&quot;_animation&quot;:&quot;fadeIn&quot;,&quot;_animation_delay&quot;:1000}\" data-widget_type=\"heading.default\">\n\t\t\t\t<div class=\"elementor-widget-container\">\n\t\t\t<style>\/*! elementor - v3.19.0 - 26-02-2024 *\/\n.elementor-heading-title{padding:0;margin:0;line-height:1}.elementor-widget-heading .elementor-heading-title[class*=elementor-size-]>a{color:inherit;font-size:inherit;line-height:inherit}.elementor-widget-heading .elementor-heading-title.elementor-size-small{font-size:15px}.elementor-widget-heading .elementor-heading-title.elementor-size-medium{font-size:19px}.elementor-widget-heading .elementor-heading-title.elementor-size-large{font-size:29px}.elementor-widget-heading .elementor-heading-title.elementor-size-xl{font-size:39px}.elementor-widget-heading .elementor-heading-title.elementor-size-xxl{font-size:59px}<\/style><h1 class=\"elementor-heading-title elementor-size-default\"><b>Aznalc\u00f3llar Instalaciones<\/b><\/h1>\t\t<\/div>\n\t\t\t\t<\/div>\n\t\t\t\t\t<\/div>\n\t\t<\/div>\n\t\t\t\t\t<\/div>\n\t\t<\/section>\n\t\t\t\t<section class=\"elementor-section elementor-top-section elementor-element elementor-element-b27efd8 elementor-section-boxed elementor-section-height-default elementor-section-height-default\" data-id=\"b27efd8\" data-element_type=\"section\">\n\t\t\t\t\t\t<div class=\"elementor-container elementor-column-gap-default\">\n\t\t\t\t\t<div class=\"elementor-column elementor-col-100 elementor-top-column elementor-element elementor-element-d9ca153\" data-id=\"d9ca153\" data-element_type=\"column\">\n\t\t\t<div class=\"elementor-widget-wrap elementor-element-populated\">\n\t\t\t\t\t\t<div class=\"elementor-element elementor-element-2f72463 elementor-widget elementor-widget-text-editor\" data-id=\"2f72463\" data-element_type=\"widget\" data-widget_type=\"text-editor.default\">\n\t\t\t\t<div class=\"elementor-widget-container\">\n\t\t\t<style>\/*! elementor - v3.19.0 - 26-02-2024 *\/\n.elementor-widget-text-editor.elementor-drop-cap-view-stacked .elementor-drop-cap{background-color:#69727d;color:#fff}.elementor-widget-text-editor.elementor-drop-cap-view-framed .elementor-drop-cap{color:#69727d;border:3px solid;background-color:transparent}.elementor-widget-text-editor:not(.elementor-drop-cap-view-default) .elementor-drop-cap{margin-top:8px}.elementor-widget-text-editor:not(.elementor-drop-cap-view-default) .elementor-drop-cap-letter{width:1em;height:1em}.elementor-widget-text-editor .elementor-drop-cap{float:left;text-align:center;line-height:1;font-size:50px}.elementor-widget-text-editor .elementor-drop-cap-letter{display:inline-block}<\/style>\t\t\t\t<h3 class=\" translation-block\">-Instalaciones de 12.000 metros cuadrados ubicadas en Andaluc\u00eda.<\/h3>\n<h3>-Parque de Actividades Medioambientales de Aznalc\u00f3llar, Sevilla (Espa\u00f1a). <b style=\"font-style: inherit;\">Seville <\/b><span style=\"font-style: inherit; font-weight: inherit;\">(Spain).<\/span><\/h3>\n<h3>-Ubicaci\u00f3n estrat\u00e9gica para env\u00edos mundiales: cerca de Algeciras <strong style=\"font-size: 2.14286rem; font-style: inherit;\">puerto de Algeciras.<\/strong><\/h3>\n<ul>\n<li style=\"list-style-type: none;\">&nbsp;<\/li>\n<\/ul>\t\t\t\t\t\t<\/div>\n\t\t\t\t<\/div>\n\t\t\t\t\t<\/div>\n\t\t<\/div>\n\t\t\t\t\t<\/div>\n\t\t<\/section>\n\t\t\t\t<section class=\"elementor-section elementor-top-section elementor-element elementor-element-a13f923 elementor-section-boxed elementor-section-height-default elementor-section-height-default\" data-id=\"a13f923\" data-element_type=\"section\">\n\t\t\t\t\t\t<div class=\"elementor-container elementor-column-gap-default\">\n\t\t\t\t\t<div class=\"elementor-column elementor-col-100 elementor-top-column elementor-element elementor-element-ef0354d\" data-id=\"ef0354d\" data-element_type=\"column\">\n\t\t\t<div class=\"elementor-widget-wrap elementor-element-populated\">\n\t\t\t\t\t\t<div class=\"elementor-element elementor-element-e291476 elementor-widget elementor-widget-image\" data-id=\"e291476\" data-element_type=\"widget\" data-widget_type=\"image.default\">\n\t\t\t\t<div class=\"elementor-widget-container\">\n\t\t\t\t\t\t\t\t\t\t\t\t\t<img decoding=\"async\" width=\"300\" height=\"270\" src=\"https:\/\/agricube.tech\/wp-content\/uploads\/2023\/06\/map-of-europe-with-highlighted-spain-vector-18695443-1-300x270.jpg\" class=\"attachment-medium size-medium wp-image-2047\" alt=\"\" srcset=\"https:\/\/agricube.tech\/wp-content\/uploads\/2023\/06\/map-of-europe-with-highlighted-spain-vector-18695443-1-300x270.jpg 300w, https:\/\/agricube.tech\/wp-content\/uploads\/2023\/06\/map-of-europe-with-highlighted-spain-vector-18695443-1-600x539.jpg 600w, https:\/\/agricube.tech\/wp-content\/uploads\/2023\/06\/map-of-europe-with-highlighted-spain-vector-18695443-1-768x690.jpg 768w, https:\/\/agricube.tech\/wp-content\/uploads\/2023\/06\/map-of-europe-with-highlighted-spain-vector-18695443-1.jpg 1000w\" sizes=\"(max-width: 300px) 100vw, 300px\" \/>\t\t\t\t\t\t\t\t\t\t\t\t\t<\/div>\n\t\t\t\t<\/div>\n\t\t\t\t\t<\/div>\n\t\t<\/div>\n\t\t\t\t\t<\/div>\n\t\t<\/section>\n\t\t\t\t<section class=\"elementor-section elementor-top-section elementor-element elementor-element-41ba958 animated-slow elementor-section-boxed elementor-section-height-default elementor-section-height-default elementor-invisible\" data-id=\"41ba958\" data-element_type=\"section\" data-settings=\"{&quot;animation&quot;:&quot;zoomIn&quot;}\">\n\t\t\t\t\t\t<div class=\"elementor-container elementor-column-gap-default\">\n\t\t\t\t\t<div class=\"elementor-column elementor-col-100 elementor-top-column elementor-element elementor-element-fbee3ba\" data-id=\"fbee3ba\" data-element_type=\"column\">\n\t\t\t<div class=\"elementor-widget-wrap elementor-element-populated\">\n\t\t\t\t\t\t<div class=\"elementor-element elementor-element-2f72dab elementor-widget elementor-widget-image\" data-id=\"2f72dab\" data-element_type=\"widget\" data-widget_type=\"image.default\">\n\t\t\t\t<div class=\"elementor-widget-container\">\n\t\t\t\t\t\t\t\t\t\t\t\t\t<img decoding=\"async\" width=\"615\" height=\"320\" src=\"https:\/\/agricube.tech\/wp-content\/uploads\/2023\/06\/Imagen1.jpg\" class=\"attachment-full size-full wp-image-2038\" alt=\"\" srcset=\"https:\/\/agricube.tech\/wp-content\/uploads\/2023\/06\/Imagen1.jpg 615w, https:\/\/agricube.tech\/wp-content\/uploads\/2023\/06\/Imagen1-600x312.jpg 600w, https:\/\/agricube.tech\/wp-content\/uploads\/2023\/06\/Imagen1-300x156.jpg 300w\" sizes=\"(max-width: 615px) 100vw, 615px\" \/>\t\t\t\t\t\t\t\t\t\t\t\t\t<\/div>\n\t\t\t\t<\/div>\n\t\t\t\t<div class=\"elementor-element elementor-element-822950a elementor-widget elementor-widget-image\" data-id=\"822950a\" data-element_type=\"widget\" data-widget_type=\"image.default\">\n\t\t\t\t<div class=\"elementor-widget-container\">\n\t\t\t\t\t\t\t\t\t\t\t\t\t<img loading=\"lazy\" decoding=\"async\" width=\"1370\" height=\"956\" src=\"https:\/\/agricube.tech\/wp-content\/uploads\/2023\/06\/INSTALACIONES.jpg\" class=\"attachment-full size-full wp-image-2037\" alt=\"\" srcset=\"https:\/\/agricube.tech\/wp-content\/uploads\/2023\/06\/INSTALACIONES.jpg 1370w, https:\/\/agricube.tech\/wp-content\/uploads\/2023\/06\/INSTALACIONES-600x419.jpg 600w, https:\/\/agricube.tech\/wp-content\/uploads\/2023\/06\/INSTALACIONES-300x209.jpg 300w, https:\/\/agricube.tech\/wp-content\/uploads\/2023\/06\/INSTALACIONES-1024x715.jpg 1024w, https:\/\/agricube.tech\/wp-content\/uploads\/2023\/06\/INSTALACIONES-768x536.jpg 768w, https:\/\/agricube.tech\/wp-content\/uploads\/2023\/06\/INSTALACIONES-1320x921.jpg 1320w\" sizes=\"(max-width: 1370px) 100vw, 1370px\" \/>\t\t\t\t\t\t\t\t\t\t\t\t\t<\/div>\n\t\t\t\t<\/div>\n\t\t\t\t\t<\/div>\n\t\t<\/div>\n\t\t\t\t\t<\/div>\n\t\t<\/section>\n\t\t\t\t<\/div>","protected":false},"excerpt":{"rendered":"<p>Aznalc\u00f3llar Facility &#8211;12.000&nbsp;square meters facilities located in the Andalusia. -Environmental Activities Park of Aznalc\u00f3llar, Seville (Spain). -Strategic location for global shipments: close to port of Algeciras. &nbsp;<\/p>","protected":false},"author":1,"featured_media":0,"parent":0,"menu_order":0,"comment_status":"closed","ping_status":"closed","template":"","meta":{"footnotes":""},"class_list":["post-1555","page","type-page","status-publish","hentry"],"yoast_head":"<!-- This site is optimized with the Yoast SEO plugin v22.1 - https:\/\/yoast.com\/wordpress\/plugins\/seo\/ -->\n<title>Facility - Agricube<\/title>\n<meta name=\"robots\" content=\"index, follow, max-snippet:-1, max-image-preview:large, max-video-preview:-1\" \/>\n<link rel=\"canonical\" href=\"https:\/\/agricube.tech\/es_es\/elementor-1555\/\" \/>\n<meta property=\"og:locale\" content=\"es_ES\" \/>\n<meta property=\"og:type\" content=\"article\" \/>\n<meta property=\"og:title\" content=\"Facility - Agricube\" \/>\n<meta property=\"og:description\" content=\"Aznalc\u00f3llar Facility &#8211;12.000&nbsp;square meters facilities located in the Andalusia. -Environmental Activities Park of Aznalc\u00f3llar, Seville (Spain). -Strategic location for global shipments: close to port of Algeciras. &nbsp;\" \/>\n<meta property=\"og:url\" content=\"https:\/\/agricube.tech\/es_es\/elementor-1555\/\" \/>\n<meta property=\"og:site_name\" content=\"Agricube\" \/>\n<meta property=\"article:publisher\" content=\"https:\/\/www.facebook.com\/proinsener\/\" \/>\n<meta property=\"article:modified_time\" content=\"2023-08-21T11:10:08+00:00\" \/>\n<meta property=\"og:image\" content=\"https:\/\/agricube.tech\/wp-content\/uploads\/2023\/06\/imagen5.png.jpg\" \/>\n<meta name=\"twitter:card\" content=\"summary_large_image\" \/>\n<meta name=\"twitter:site\" content=\"@proinsener\" \/>\n<meta name=\"twitter:label1\" content=\"Tiempo de lectura\" \/>\n\t<meta name=\"twitter:data1\" content=\"1 minuto\" \/>\n<script type=\"application\/ld+json\" class=\"yoast-schema-graph\">{\"@context\":\"https:\/\/schema.org\",\"@graph\":[{\"@type\":\"WebPage\",\"@id\":\"https:\/\/agricube.tech\/elementor-1555\",\"url\":\"https:\/\/agricube.tech\/elementor-1555\",\"name\":\"Facility - Agricube\",\"isPartOf\":{\"@id\":\"https:\/\/agricube.tech\/#website\"},\"datePublished\":\"2023-06-12T12:13:38+00:00\",\"dateModified\":\"2023-08-21T11:10:08+00:00\",\"breadcrumb\":{\"@id\":\"https:\/\/agricube.tech\/elementor-1555#breadcrumb\"},\"inLanguage\":\"es\",\"potentialAction\":[{\"@type\":\"ReadAction\",\"target\":[\"https:\/\/agricube.tech\/elementor-1555\"]}]},{\"@type\":\"BreadcrumbList\",\"@id\":\"https:\/\/agricube.tech\/elementor-1555#breadcrumb\",\"itemListElement\":[{\"@type\":\"ListItem\",\"position\":1,\"name\":\"Portada\",\"item\":\"https:\/\/agricube.tech\/\"},{\"@type\":\"ListItem\",\"position\":2,\"name\":\"Facility\"}]},{\"@type\":\"WebSite\",\"@id\":\"https:\/\/agricube.tech\/#website\",\"url\":\"https:\/\/agricube.tech\/\",\"name\":\"Agricube\",\"description\":\"Experience the future of sustainable agriculture with our Vertical Farming website\",\"publisher\":{\"@id\":\"https:\/\/agricube.tech\/#organization\"},\"potentialAction\":[{\"@type\":\"SearchAction\",\"target\":{\"@type\":\"EntryPoint\",\"urlTemplate\":\"https:\/\/agricube.tech\/?s={search_term_string}\"},\"query-input\":\"required name=search_term_string\"}],\"inLanguage\":\"es\"},{\"@type\":\"Organization\",\"@id\":\"https:\/\/agricube.tech\/#organization\",\"name\":\"Agricube\",\"url\":\"https:\/\/agricube.tech\/\",\"logo\":{\"@type\":\"ImageObject\",\"inLanguage\":\"es\",\"@id\":\"https:\/\/agricube.tech\/#\/schema\/logo\/image\/\",\"url\":\"https:\/\/agricube.tech\/wp-content\/uploads\/2023\/05\/LOGO.jpeg\",\"contentUrl\":\"https:\/\/agricube.tech\/wp-content\/uploads\/2023\/05\/LOGO.jpeg\",\"width\":1564,\"height\":917,\"caption\":\"Agricube\"},\"image\":{\"@id\":\"https:\/\/agricube.tech\/#\/schema\/logo\/image\/\"},\"sameAs\":[\"https:\/\/www.facebook.com\/proinsener\/\",\"https:\/\/twitter.com\/proinsener\",\"https:\/\/www.linkedin.com\/company\/agricube-tech\/?viewAsMember=true\"]}]}<\/script>\n<!-- \/ Yoast SEO plugin. -->","yoast_head_json":{"title":"Facility - Agricube","robots":{"index":"index","follow":"follow","max-snippet":"max-snippet:-1","max-image-preview":"max-image-preview:large","max-video-preview":"max-video-preview:-1"},"canonical":"https:\/\/agricube.tech\/es_es\/elementor-1555\/","og_locale":"es_ES","og_type":"article","og_title":"Facility - Agricube","og_description":"Aznalc\u00f3llar Facility &#8211;12.000&nbsp;square meters facilities located in the Andalusia. -Environmental Activities Park of Aznalc\u00f3llar, Seville (Spain). -Strategic location for global shipments: close to port of Algeciras. &nbsp;","og_url":"https:\/\/agricube.tech\/es_es\/elementor-1555\/","og_site_name":"Agricube","article_publisher":"https:\/\/www.facebook.com\/proinsener\/","article_modified_time":"2023-08-21T11:10:08+00:00","og_image":[{"url":"https:\/\/agricube.tech\/wp-content\/uploads\/2023\/06\/imagen5.png.jpg"}],"twitter_card":"summary_large_image","twitter_site":"@proinsener","twitter_misc":{"Tiempo de lectura":"1 minuto"},"schema":{"@context":"https:\/\/schema.org","@graph":[{"@type":"WebPage","@id":"https:\/\/agricube.tech\/elementor-1555","url":"https:\/\/agricube.tech\/elementor-1555","name":"Facility - Agricube","isPartOf":{"@id":"https:\/\/agricube.tech\/#website"},"datePublished":"2023-06-12T12:13:38+00:00","dateModified":"2023-08-21T11:10:08+00:00","breadcrumb":{"@id":"https:\/\/agricube.tech\/elementor-1555#breadcrumb"},"inLanguage":"es","potentialAction":[{"@type":"ReadAction","target":["https:\/\/agricube.tech\/elementor-1555"]}]},{"@type":"BreadcrumbList","@id":"https:\/\/agricube.tech\/elementor-1555#breadcrumb","itemListElement":[{"@type":"ListItem","position":1,"name":"Portada","item":"https:\/\/agricube.tech\/"},{"@type":"ListItem","position":2,"name":"Facility"}]},{"@type":"WebSite","@id":"https:\/\/agricube.tech\/#website","url":"https:\/\/agricube.tech\/","name":"Agricube","description":"Experience the future of sustainable agriculture with our Vertical Farming website","publisher":{"@id":"https:\/\/agricube.tech\/#organization"},"potentialAction":[{"@type":"SearchAction","target":{"@type":"EntryPoint","urlTemplate":"https:\/\/agricube.tech\/?s={search_term_string}"},"query-input":"required name=search_term_string"}],"inLanguage":"es"},{"@type":"Organization","@id":"https:\/\/agricube.tech\/#organization","name":"Agricube","url":"https:\/\/agricube.tech\/","logo":{"@type":"ImageObject","inLanguage":"es","@id":"https:\/\/agricube.tech\/#\/schema\/logo\/image\/","url":"https:\/\/agricube.tech\/wp-content\/uploads\/2023\/05\/LOGO.jpeg","contentUrl":"https:\/\/agricube.tech\/wp-content\/uploads\/2023\/05\/LOGO.jpeg","width":1564,"height":917,"caption":"Agricube"},"image":{"@id":"https:\/\/agricube.tech\/#\/schema\/logo\/image\/"},"sameAs":["https:\/\/www.facebook.com\/proinsener\/","https:\/\/twitter.com\/proinsener","https:\/\/www.linkedin.com\/company\/agricube-tech\/?viewAsMember=true"]}]}},"_links":{"self":[{"href":"https:\/\/agricube.tech\/es_es\/wp-json\/wp\/v2\/pages\/1555","targetHints":{"allow":["GET"]}}],"collection":[{"href":"https:\/\/agricube.tech\/es_es\/wp-json\/wp\/v2\/pages"}],"about":[{"href":"https:\/\/agricube.tech\/es_es\/wp-json\/wp\/v2\/types\/page"}],"author":[{"embeddable":true,"href":"https:\/\/agricube.tech\/es_es\/wp-json\/wp\/v2\/users\/1"}],"replies":[{"embeddable":true,"href":"https:\/\/agricube.tech\/es_es\/wp-json\/wp\/v2\/comments?post=1555"}],"version-history":[{"count":68,"href":"https:\/\/agricube.tech\/es_es\/wp-json\/wp\/v2\/pages\/1555\/revisions"}],"predecessor-version":[{"id":2658,"href":"https:\/\/agricube.tech\/es_es\/wp-json\/wp\/v2\/pages\/1555\/revisions\/2658"}],"wp:attachment":[{"href":"https:\/\/agricube.tech\/es_es\/wp-json\/wp\/v2\/media?parent=1555"}],"curies":[{"name":"wp","href":"https:\/\/api.w.org\/{rel}","templated":true}]}}