{"id":1697,"date":"2023-06-12T19:18:54","date_gmt":"2023-06-12T19:18:54","guid":{"rendered":"http:\/\/agricube.tech\/?page_id=1697"},"modified":"2023-08-21T10:56:44","modified_gmt":"2023-08-21T10:56:44","slug":"service","status":"publish","type":"page","link":"https:\/\/agricube.tech\/es_es\/service","title":{"rendered":"Servicios"},"content":{"rendered":"<div data-elementor-type=\"wp-page\" data-elementor-id=\"1697\" class=\"elementor elementor-1697\">\n\t\t\t\t\t\t<section class=\"elementor-section elementor-top-section elementor-element elementor-element-6953126 elementor-section-boxed elementor-section-height-default elementor-section-height-default\" data-id=\"6953126\" data-element_type=\"section\">\n\t\t\t\t\t\t<div class=\"elementor-container elementor-column-gap-default\">\n\t\t\t\t\t<div class=\"elementor-column elementor-col-50 elementor-top-column elementor-element elementor-element-c2f7304\" data-id=\"c2f7304\" data-element_type=\"column\">\n\t\t\t<div class=\"elementor-widget-wrap elementor-element-populated\">\n\t\t\t\t\t\t<div class=\"elementor-element elementor-element-09ecf8a elementor-widget elementor-widget-heading\" data-id=\"09ecf8a\" data-element_type=\"widget\" data-widget_type=\"heading.default\">\n\t\t\t\t<div class=\"elementor-widget-container\">\n\t\t\t<style>\/*! elementor - v3.19.0 - 26-02-2024 *\/\n.elementor-heading-title{padding:0;margin:0;line-height:1}.elementor-widget-heading .elementor-heading-title[class*=elementor-size-]>a{color:inherit;font-size:inherit;line-height:inherit}.elementor-widget-heading .elementor-heading-title.elementor-size-small{font-size:15px}.elementor-widget-heading .elementor-heading-title.elementor-size-medium{font-size:19px}.elementor-widget-heading .elementor-heading-title.elementor-size-large{font-size:29px}.elementor-widget-heading .elementor-heading-title.elementor-size-xl{font-size:39px}.elementor-widget-heading .elementor-heading-title.elementor-size-xxl{font-size:59px}<\/style><h2 class=\"elementor-heading-title elementor-size-default\"><b>LABORATORIO DE PRODUCCI\u00d3N INTERIOR<\/b><\/h2>\t\t<\/div>\n\t\t\t\t<\/div>\n\t\t\t\t<div class=\"elementor-element elementor-element-202c162 elementor-widget elementor-widget-text-editor\" data-id=\"202c162\" data-element_type=\"widget\" data-widget_type=\"text-editor.default\">\n\t\t\t\t<div class=\"elementor-widget-container\">\n\t\t\t<style>\/*! elementor - v3.19.0 - 26-02-2024 *\/\n.elementor-widget-text-editor.elementor-drop-cap-view-stacked .elementor-drop-cap{background-color:#69727d;color:#fff}.elementor-widget-text-editor.elementor-drop-cap-view-framed .elementor-drop-cap{color:#69727d;border:3px solid;background-color:transparent}.elementor-widget-text-editor:not(.elementor-drop-cap-view-default) .elementor-drop-cap{margin-top:8px}.elementor-widget-text-editor:not(.elementor-drop-cap-view-default) .elementor-drop-cap-letter{width:1em;height:1em}.elementor-widget-text-editor .elementor-drop-cap{float:left;text-align:center;line-height:1;font-size:50px}.elementor-widget-text-editor .elementor-drop-cap-letter{display:inline-block}<\/style>\t\t\t\t<p>Servicio integral de ciclos de cultivo experimentales en el m\u00f3dulo de laboratorio para diferentes especies vegetales. An\u00e1lisis de producci\u00f3n, rentabilidad y m\u00e9tricas de calidad.<br \/>Servicio llave en mano con ingenier\u00eda agron\u00f3mica e industrial y an\u00e1lisis bromatol\u00f3gico de la producci\u00f3n. Informe cient\u00edfico final certificado con los resultados obtenidos.<\/p>\t\t\t\t\t\t<\/div>\n\t\t\t\t<\/div>\n\t\t\t\t<div class=\"elementor-element elementor-element-ad0bb0e elementor-widget elementor-widget-heading\" data-id=\"ad0bb0e\" data-element_type=\"widget\" data-widget_type=\"heading.default\">\n\t\t\t\t<div class=\"elementor-widget-container\">\n\t\t\t<h2 class=\"elementor-heading-title elementor-size-default\"><b>TAILOR-MADE DESIGN &amp; DEVELOPMENT\n<\/b><\/h2>\t\t<\/div>\n\t\t\t\t<\/div>\n\t\t\t\t<div class=\"elementor-element elementor-element-751816f elementor-widget elementor-widget-text-editor\" data-id=\"751816f\" data-element_type=\"widget\" data-widget_type=\"text-editor.default\">\n\t\t\t\t<div class=\"elementor-widget-container\">\n\t\t\t\t\t\t\t<p>Dise\u00f1o industrial, desarrollo y fabricaci\u00f3n de sistemas de cultivo vertical a medida. Contamos con los colaboradores m\u00e1s importantes del sector para desarrollar proyectos de cultivo interior a medida.<\/p>\t\t\t\t\t\t<\/div>\n\t\t\t\t<\/div>\n\t\t\t\t\t<\/div>\n\t\t<\/div>\n\t\t\t\t<div class=\"elementor-column elementor-col-50 elementor-top-column elementor-element elementor-element-2b474ee\" data-id=\"2b474ee\" data-element_type=\"column\">\n\t\t\t<div class=\"elementor-widget-wrap elementor-element-populated\">\n\t\t\t\t\t\t<div class=\"elementor-element elementor-element-cae5050 elementor-widget elementor-widget-image\" data-id=\"cae5050\" data-element_type=\"widget\" data-widget_type=\"image.default\">\n\t\t\t\t<div class=\"elementor-widget-container\">\n\t\t\t<style>\/*! elementor - v3.19.0 - 26-02-2024 *\/\n.elementor-widget-image{text-align:center}.elementor-widget-image a{display:inline-block}.elementor-widget-image a img[src$=\".svg\"]{width:48px}.elementor-widget-image img{vertical-align:middle;display:inline-block}<\/style>\t\t\t\t\t\t\t\t\t\t<img fetchpriority=\"high\" decoding=\"async\" width=\"2560\" height=\"1440\" src=\"https:\/\/agricube.tech\/wp-content\/uploads\/2023\/06\/20221221_074915-1-scaled.jpg\" class=\"attachment-full size-full wp-image-1616\" alt=\"\" srcset=\"https:\/\/agricube.tech\/wp-content\/uploads\/2023\/06\/20221221_074915-1-scaled.jpg 2560w, https:\/\/agricube.tech\/wp-content\/uploads\/2023\/06\/20221221_074915-1-scaled-600x338.jpg 600w, https:\/\/agricube.tech\/wp-content\/uploads\/2023\/06\/20221221_074915-1-300x169.jpg 300w, https:\/\/agricube.tech\/wp-content\/uploads\/2023\/06\/20221221_074915-1-1024x576.jpg 1024w, https:\/\/agricube.tech\/wp-content\/uploads\/2023\/06\/20221221_074915-1-768x432.jpg 768w, https:\/\/agricube.tech\/wp-content\/uploads\/2023\/06\/20221221_074915-1-1536x864.jpg 1536w, https:\/\/agricube.tech\/wp-content\/uploads\/2023\/06\/20221221_074915-1-2048x1152.jpg 2048w, https:\/\/agricube.tech\/wp-content\/uploads\/2023\/06\/20221221_074915-1-1320x743.jpg 1320w\" sizes=\"(max-width: 2560px) 100vw, 2560px\" \/>\t\t\t\t\t\t\t\t\t\t\t\t\t<\/div>\n\t\t\t\t<\/div>\n\t\t\t\t<div class=\"elementor-element elementor-element-afc522e elementor-widget elementor-widget-image\" data-id=\"afc522e\" data-element_type=\"widget\" data-widget_type=\"image.default\">\n\t\t\t\t<div class=\"elementor-widget-container\">\n\t\t\t\t\t\t\t\t\t\t\t\t\t<img decoding=\"async\" src=\"https:\/\/agricube.tech\/wp-content\/uploads\/elementor\/thumbs\/fresa-scaled-qb8i03zqhvxmp1nsfypzy5l64qghucxxo9ntop7ixk.jpg\" title=\"fresa\" alt=\"fresa\" loading=\"lazy\" \/>\t\t\t\t\t\t\t\t\t\t\t\t\t<\/div>\n\t\t\t\t<\/div>\n\t\t\t\t\t<\/div>\n\t\t<\/div>\n\t\t\t\t\t<\/div>\n\t\t<\/section>\n\t\t\t\t<\/div>","protected":false},"excerpt":{"rendered":"<p>INDOOR PRODUCTION LABORATORY Integral service for experimental growing cycles in the laboratory module for different plant species. Production analysis, profitability, and quality metrics.Turnkey service with agronomic and industrial engineering and bromatological analysis of production. Certified final scientific report with the results obtained. TAILOR-MADE DESIGN &amp; DEVELOPMENT Industrial design, development, and manufacturing of customized vertical cultivation [&hellip;]<\/p>","protected":false},"author":1,"featured_media":0,"parent":0,"menu_order":0,"comment_status":"closed","ping_status":"closed","template":"","meta":{"footnotes":""},"class_list":["post-1697","page","type-page","status-publish","hentry"],"yoast_head":"<!-- This site is optimized with the Yoast SEO plugin v22.1 - https:\/\/yoast.com\/wordpress\/plugins\/seo\/ -->\n<title>Service - Agricube<\/title>\n<meta name=\"robots\" content=\"index, follow, max-snippet:-1, max-image-preview:large, max-video-preview:-1\" \/>\n<link rel=\"canonical\" href=\"https:\/\/agricube.tech\/es_es\/service\/\" \/>\n<meta property=\"og:locale\" content=\"es_ES\" \/>\n<meta property=\"og:type\" content=\"article\" \/>\n<meta property=\"og:title\" content=\"Service - Agricube\" \/>\n<meta property=\"og:description\" content=\"INDOOR PRODUCTION LABORATORY Integral service for experimental growing cycles in the laboratory module for different plant species. Production analysis, profitability, and quality metrics.Turnkey service with agronomic and industrial engineering and bromatological analysis of production. Certified final scientific report with the results obtained. TAILOR-MADE DESIGN &amp; DEVELOPMENT Industrial design, development, and manufacturing of customized vertical cultivation [&hellip;]\" \/>\n<meta property=\"og:url\" content=\"https:\/\/agricube.tech\/es_es\/service\/\" \/>\n<meta property=\"og:site_name\" content=\"Agricube\" \/>\n<meta property=\"article:publisher\" content=\"https:\/\/www.facebook.com\/proinsener\/\" \/>\n<meta property=\"article:modified_time\" content=\"2023-08-21T10:56:44+00:00\" \/>\n<meta property=\"og:image\" content=\"https:\/\/agricube.tech\/wp-content\/uploads\/2023\/06\/20221221_074915-1-scaled.jpg\" \/>\n<meta name=\"twitter:card\" content=\"summary_large_image\" \/>\n<meta name=\"twitter:site\" content=\"@proinsener\" \/>\n<meta name=\"twitter:label1\" content=\"Tiempo de lectura\" \/>\n\t<meta name=\"twitter:data1\" content=\"1 minuto\" \/>\n<script type=\"application\/ld+json\" class=\"yoast-schema-graph\">{\"@context\":\"https:\/\/schema.org\",\"@graph\":[{\"@type\":\"WebPage\",\"@id\":\"https:\/\/agricube.tech\/service\",\"url\":\"https:\/\/agricube.tech\/service\",\"name\":\"Service - Agricube\",\"isPartOf\":{\"@id\":\"https:\/\/agricube.tech\/#website\"},\"datePublished\":\"2023-06-12T19:18:54+00:00\",\"dateModified\":\"2023-08-21T10:56:44+00:00\",\"breadcrumb\":{\"@id\":\"https:\/\/agricube.tech\/service#breadcrumb\"},\"inLanguage\":\"es\",\"potentialAction\":[{\"@type\":\"ReadAction\",\"target\":[\"https:\/\/agricube.tech\/service\"]}]},{\"@type\":\"BreadcrumbList\",\"@id\":\"https:\/\/agricube.tech\/service#breadcrumb\",\"itemListElement\":[{\"@type\":\"ListItem\",\"position\":1,\"name\":\"Portada\",\"item\":\"https:\/\/agricube.tech\/\"},{\"@type\":\"ListItem\",\"position\":2,\"name\":\"Service\"}]},{\"@type\":\"WebSite\",\"@id\":\"https:\/\/agricube.tech\/#website\",\"url\":\"https:\/\/agricube.tech\/\",\"name\":\"Agricube\",\"description\":\"Experience the future of sustainable agriculture with our Vertical Farming website\",\"publisher\":{\"@id\":\"https:\/\/agricube.tech\/#organization\"},\"potentialAction\":[{\"@type\":\"SearchAction\",\"target\":{\"@type\":\"EntryPoint\",\"urlTemplate\":\"https:\/\/agricube.tech\/?s={search_term_string}\"},\"query-input\":\"required name=search_term_string\"}],\"inLanguage\":\"es\"},{\"@type\":\"Organization\",\"@id\":\"https:\/\/agricube.tech\/#organization\",\"name\":\"Agricube\",\"url\":\"https:\/\/agricube.tech\/\",\"logo\":{\"@type\":\"ImageObject\",\"inLanguage\":\"es\",\"@id\":\"https:\/\/agricube.tech\/#\/schema\/logo\/image\/\",\"url\":\"https:\/\/agricube.tech\/wp-content\/uploads\/2023\/05\/LOGO.jpeg\",\"contentUrl\":\"https:\/\/agricube.tech\/wp-content\/uploads\/2023\/05\/LOGO.jpeg\",\"width\":1564,\"height\":917,\"caption\":\"Agricube\"},\"image\":{\"@id\":\"https:\/\/agricube.tech\/#\/schema\/logo\/image\/\"},\"sameAs\":[\"https:\/\/www.facebook.com\/proinsener\/\",\"https:\/\/twitter.com\/proinsener\",\"https:\/\/www.linkedin.com\/company\/agricube-tech\/?viewAsMember=true\"]}]}<\/script>\n<!-- \/ Yoast SEO plugin. -->","yoast_head_json":{"title":"Service - Agricube","robots":{"index":"index","follow":"follow","max-snippet":"max-snippet:-1","max-image-preview":"max-image-preview:large","max-video-preview":"max-video-preview:-1"},"canonical":"https:\/\/agricube.tech\/es_es\/service\/","og_locale":"es_ES","og_type":"article","og_title":"Service - Agricube","og_description":"INDOOR PRODUCTION LABORATORY Integral service for experimental growing cycles in the laboratory module for different plant species. Production analysis, profitability, and quality metrics.Turnkey service with agronomic and industrial engineering and bromatological analysis of production. Certified final scientific report with the results obtained. TAILOR-MADE DESIGN &amp; DEVELOPMENT Industrial design, development, and manufacturing of customized vertical cultivation [&hellip;]","og_url":"https:\/\/agricube.tech\/es_es\/service\/","og_site_name":"Agricube","article_publisher":"https:\/\/www.facebook.com\/proinsener\/","article_modified_time":"2023-08-21T10:56:44+00:00","og_image":[{"url":"https:\/\/agricube.tech\/wp-content\/uploads\/2023\/06\/20221221_074915-1-scaled.jpg"}],"twitter_card":"summary_large_image","twitter_site":"@proinsener","twitter_misc":{"Tiempo de lectura":"1 minuto"},"schema":{"@context":"https:\/\/schema.org","@graph":[{"@type":"WebPage","@id":"https:\/\/agricube.tech\/service","url":"https:\/\/agricube.tech\/service","name":"Service - Agricube","isPartOf":{"@id":"https:\/\/agricube.tech\/#website"},"datePublished":"2023-06-12T19:18:54+00:00","dateModified":"2023-08-21T10:56:44+00:00","breadcrumb":{"@id":"https:\/\/agricube.tech\/service#breadcrumb"},"inLanguage":"es","potentialAction":[{"@type":"ReadAction","target":["https:\/\/agricube.tech\/service"]}]},{"@type":"BreadcrumbList","@id":"https:\/\/agricube.tech\/service#breadcrumb","itemListElement":[{"@type":"ListItem","position":1,"name":"Portada","item":"https:\/\/agricube.tech\/"},{"@type":"ListItem","position":2,"name":"Service"}]},{"@type":"WebSite","@id":"https:\/\/agricube.tech\/#website","url":"https:\/\/agricube.tech\/","name":"Agricube","description":"Experience the future of sustainable agriculture with our Vertical Farming website","publisher":{"@id":"https:\/\/agricube.tech\/#organization"},"potentialAction":[{"@type":"SearchAction","target":{"@type":"EntryPoint","urlTemplate":"https:\/\/agricube.tech\/?s={search_term_string}"},"query-input":"required name=search_term_string"}],"inLanguage":"es"},{"@type":"Organization","@id":"https:\/\/agricube.tech\/#organization","name":"Agricube","url":"https:\/\/agricube.tech\/","logo":{"@type":"ImageObject","inLanguage":"es","@id":"https:\/\/agricube.tech\/#\/schema\/logo\/image\/","url":"https:\/\/agricube.tech\/wp-content\/uploads\/2023\/05\/LOGO.jpeg","contentUrl":"https:\/\/agricube.tech\/wp-content\/uploads\/2023\/05\/LOGO.jpeg","width":1564,"height":917,"caption":"Agricube"},"image":{"@id":"https:\/\/agricube.tech\/#\/schema\/logo\/image\/"},"sameAs":["https:\/\/www.facebook.com\/proinsener\/","https:\/\/twitter.com\/proinsener","https:\/\/www.linkedin.com\/company\/agricube-tech\/?viewAsMember=true"]}]}},"_links":{"self":[{"href":"https:\/\/agricube.tech\/es_es\/wp-json\/wp\/v2\/pages\/1697","targetHints":{"allow":["GET"]}}],"collection":[{"href":"https:\/\/agricube.tech\/es_es\/wp-json\/wp\/v2\/pages"}],"about":[{"href":"https:\/\/agricube.tech\/es_es\/wp-json\/wp\/v2\/types\/page"}],"author":[{"embeddable":true,"href":"https:\/\/agricube.tech\/es_es\/wp-json\/wp\/v2\/users\/1"}],"replies":[{"embeddable":true,"href":"https:\/\/agricube.tech\/es_es\/wp-json\/wp\/v2\/comments?post=1697"}],"version-history":[{"count":23,"href":"https:\/\/agricube.tech\/es_es\/wp-json\/wp\/v2\/pages\/1697\/revisions"}],"predecessor-version":[{"id":2642,"href":"https:\/\/agricube.tech\/es_es\/wp-json\/wp\/v2\/pages\/1697\/revisions\/2642"}],"wp:attachment":[{"href":"https:\/\/agricube.tech\/es_es\/wp-json\/wp\/v2\/media?parent=1697"}],"curies":[{"name":"wp","href":"https:\/\/api.w.org\/{rel}","templated":true}]}}