{"id":1708,"date":"2023-06-12T19:23:14","date_gmt":"2023-06-12T19:23:14","guid":{"rendered":"http:\/\/agricube.tech\/?page_id=1708"},"modified":"2023-08-03T08:06:30","modified_gmt":"2023-08-03T08:06:30","slug":"rd","status":"publish","type":"page","link":"https:\/\/agricube.tech\/es_es\/rd","title":{"rendered":"R&amp;D"},"content":{"rendered":"<div data-elementor-type=\"wp-page\" data-elementor-id=\"1708\" class=\"elementor elementor-1708\">\n\t\t\t\t\t\t<section class=\"elementor-section elementor-top-section elementor-element elementor-element-3531129 elementor-section-boxed elementor-section-height-default elementor-section-height-default\" data-id=\"3531129\" data-element_type=\"section\">\n\t\t\t\t\t\t<div class=\"elementor-container elementor-column-gap-default\">\n\t\t\t\t\t<div class=\"elementor-column elementor-col-50 elementor-top-column elementor-element elementor-element-389ad89\" data-id=\"389ad89\" data-element_type=\"column\">\n\t\t\t<div class=\"elementor-widget-wrap elementor-element-populated\">\n\t\t\t\t\t\t<div class=\"elementor-element elementor-element-c8b88e5 elementor-widget elementor-widget-heading\" data-id=\"c8b88e5\" data-element_type=\"widget\" data-widget_type=\"heading.default\">\n\t\t\t\t<div class=\"elementor-widget-container\">\n\t\t\t<style>\/*! elementor - v3.19.0 - 26-02-2024 *\/\n.elementor-heading-title{padding:0;margin:0;line-height:1}.elementor-widget-heading .elementor-heading-title[class*=elementor-size-]>a{color:inherit;font-size:inherit;line-height:inherit}.elementor-widget-heading .elementor-heading-title.elementor-size-small{font-size:15px}.elementor-widget-heading .elementor-heading-title.elementor-size-medium{font-size:19px}.elementor-widget-heading .elementor-heading-title.elementor-size-large{font-size:29px}.elementor-widget-heading .elementor-heading-title.elementor-size-xl{font-size:39px}.elementor-widget-heading .elementor-heading-title.elementor-size-xxl{font-size:59px}<\/style><h2 class=\"elementor-heading-title elementor-size-default\"><b>Investigaci\u00f3n y desarrollo<\/b><\/h2>\t\t<\/div>\n\t\t\t\t<\/div>\n\t\t\t\t<div class=\"elementor-element elementor-element-9235eff elementor-widget elementor-widget-text-editor\" data-id=\"9235eff\" data-element_type=\"widget\" data-widget_type=\"text-editor.default\">\n\t\t\t\t<div class=\"elementor-widget-container\">\n\t\t\t<style>\/*! elementor - v3.19.0 - 26-02-2024 *\/\n.elementor-widget-text-editor.elementor-drop-cap-view-stacked .elementor-drop-cap{background-color:#69727d;color:#fff}.elementor-widget-text-editor.elementor-drop-cap-view-framed .elementor-drop-cap{color:#69727d;border:3px solid;background-color:transparent}.elementor-widget-text-editor:not(.elementor-drop-cap-view-default) .elementor-drop-cap{margin-top:8px}.elementor-widget-text-editor:not(.elementor-drop-cap-view-default) .elementor-drop-cap-letter{width:1em;height:1em}.elementor-widget-text-editor .elementor-drop-cap{float:left;text-align:center;line-height:1;font-size:50px}.elementor-widget-text-editor .elementor-drop-cap-letter{display:inline-block}<\/style>\t\t\t\t<p>Agribucube.Tech invierte recursos y fondos para proyectos de investigaci\u00f3n y desarrollo en eficiencia energ\u00e9tica a trav\u00e9s de proyectos de ingenier\u00eda fot\u00f3nica, almacenamiento y gesti\u00f3n eficiente del consumo de energ\u00eda y agua. Trabajamos con universidades y centros cient\u00edficos de Espa\u00f1a y Europa en estrecha relaci\u00f3n con productores primarios y entidades cient\u00edficas gubernamentales.<\/p>\t\t\t\t\t\t<\/div>\n\t\t\t\t<\/div>\n\t\t\t\t<div class=\"elementor-element elementor-element-1682cc5 elementor-widget elementor-widget-heading\" data-id=\"1682cc5\" data-element_type=\"widget\" data-widget_type=\"heading.default\">\n\t\t\t\t<div class=\"elementor-widget-container\">\n\t\t\t<h2 class=\"elementor-heading-title elementor-size-default\"><b>L\u00edneas de desarrollo:<\/b>:<\/h2>\t\t<\/div>\n\t\t\t\t<\/div>\n\t\t\t\t<div class=\"elementor-element elementor-element-36debdd elementor-widget elementor-widget-text-editor\" data-id=\"36debdd\" data-element_type=\"widget\" data-widget_type=\"text-editor.default\">\n\t\t\t\t<div class=\"elementor-widget-container\">\n\t\t\t\t\t\t\t<ul><li>Fotoconversi\u00f3n cu\u00e1ntica y transmisi\u00f3n pasiva de fotones.<\/li><li>\u00a0Filtrado selectivo de la radiaci\u00f3n solar.<\/li><li>Paneles de aislamiento t\u00e9rmico y optimizaci\u00f3n PAR.<\/li><li>Aislamiento con materiales org\u00e1nicos<\/li><li>Estructuras sostenibles en la construcci\u00f3n modular<\/li><\/ul>\t\t\t\t\t\t<\/div>\n\t\t\t\t<\/div>\n\t\t\t\t\t<\/div>\n\t\t<\/div>\n\t\t\t\t<div class=\"elementor-column elementor-col-50 elementor-top-column elementor-element elementor-element-a6b18df\" data-id=\"a6b18df\" data-element_type=\"column\">\n\t\t\t<div class=\"elementor-widget-wrap elementor-element-populated\">\n\t\t\t\t\t\t<div class=\"elementor-element elementor-element-ef2d808 elementor-widget elementor-widget-image\" data-id=\"ef2d808\" data-element_type=\"widget\" data-widget_type=\"image.default\">\n\t\t\t\t<div class=\"elementor-widget-container\">\n\t\t\t<style>\/*! elementor - v3.19.0 - 26-02-2024 *\/\n.elementor-widget-image{text-align:center}.elementor-widget-image a{display:inline-block}.elementor-widget-image a img[src$=\".svg\"]{width:48px}.elementor-widget-image img{vertical-align:middle;display:inline-block}<\/style>\t\t\t\t\t\t\t\t\t\t<img fetchpriority=\"high\" decoding=\"async\" width=\"1024\" height=\"576\" src=\"https:\/\/agricube.tech\/wp-content\/uploads\/2023\/06\/quantum-dots-1024x576.jpg\" class=\"attachment-large size-large wp-image-1710\" alt=\"\" srcset=\"https:\/\/agricube.tech\/wp-content\/uploads\/2023\/06\/quantum-dots-1024x576.jpg 1024w, https:\/\/agricube.tech\/wp-content\/uploads\/2023\/06\/quantum-dots-600x338.jpg 600w, https:\/\/agricube.tech\/wp-content\/uploads\/2023\/06\/quantum-dots-300x169.jpg 300w, https:\/\/agricube.tech\/wp-content\/uploads\/2023\/06\/quantum-dots-768x432.jpg 768w, https:\/\/agricube.tech\/wp-content\/uploads\/2023\/06\/quantum-dots-1536x864.jpg 1536w, https:\/\/agricube.tech\/wp-content\/uploads\/2023\/06\/quantum-dots-1320x743.jpg 1320w, https:\/\/agricube.tech\/wp-content\/uploads\/2023\/06\/quantum-dots.jpg 1920w\" sizes=\"(max-width: 1024px) 100vw, 1024px\" \/>\t\t\t\t\t\t\t\t\t\t\t\t\t<\/div>\n\t\t\t\t<\/div>\n\t\t\t\t\t<\/div>\n\t\t<\/div>\n\t\t\t\t\t<\/div>\n\t\t<\/section>\n\t\t\t\t<\/div>","protected":false},"excerpt":{"rendered":"<p>Research &amp; Development Agribucube.Tech invests resources and funds for research and development projects in energy efficiency through photonic engineering projects, storage and efficient management of energy and water consumption. We work with universities and scientific centers in Spain and Europe in close relationship with primary producers and government scientific entities. Development lines: Quantum photo-conversion and [&hellip;]<\/p>","protected":false},"author":1,"featured_media":0,"parent":0,"menu_order":0,"comment_status":"closed","ping_status":"closed","template":"","meta":{"footnotes":""},"class_list":["post-1708","page","type-page","status-publish","hentry"],"yoast_head":"<!-- This site is optimized with the Yoast SEO plugin v22.1 - https:\/\/yoast.com\/wordpress\/plugins\/seo\/ -->\n<title>R&amp;D - Agricube<\/title>\n<meta name=\"robots\" content=\"index, follow, max-snippet:-1, max-image-preview:large, max-video-preview:-1\" \/>\n<link rel=\"canonical\" href=\"https:\/\/agricube.tech\/es_es\/rd\/\" \/>\n<meta property=\"og:locale\" content=\"es_ES\" \/>\n<meta property=\"og:type\" content=\"article\" \/>\n<meta property=\"og:title\" content=\"R&amp;D - Agricube\" \/>\n<meta property=\"og:description\" content=\"Research &amp; Development Agribucube.Tech invests resources and funds for research and development projects in energy efficiency through photonic engineering projects, storage and efficient management of energy and water consumption. We work with universities and scientific centers in Spain and Europe in close relationship with primary producers and government scientific entities. Development lines: Quantum photo-conversion and [&hellip;]\" \/>\n<meta property=\"og:url\" content=\"https:\/\/agricube.tech\/es_es\/rd\/\" \/>\n<meta property=\"og:site_name\" content=\"Agricube\" \/>\n<meta property=\"article:publisher\" content=\"https:\/\/www.facebook.com\/proinsener\/\" \/>\n<meta property=\"article:modified_time\" content=\"2023-08-03T08:06:30+00:00\" \/>\n<meta property=\"og:image\" content=\"https:\/\/agricube.tech\/wp-content\/uploads\/2023\/06\/quantum-dots-1024x576.jpg\" \/>\n<meta name=\"twitter:card\" content=\"summary_large_image\" \/>\n<meta name=\"twitter:site\" content=\"@proinsener\" \/>\n<meta name=\"twitter:label1\" content=\"Tiempo de lectura\" \/>\n\t<meta name=\"twitter:data1\" content=\"1 minuto\" \/>\n<script type=\"application\/ld+json\" class=\"yoast-schema-graph\">{\"@context\":\"https:\/\/schema.org\",\"@graph\":[{\"@type\":\"WebPage\",\"@id\":\"https:\/\/agricube.tech\/rd\",\"url\":\"https:\/\/agricube.tech\/rd\",\"name\":\"R&D - Agricube\",\"isPartOf\":{\"@id\":\"https:\/\/agricube.tech\/#website\"},\"datePublished\":\"2023-06-12T19:23:14+00:00\",\"dateModified\":\"2023-08-03T08:06:30+00:00\",\"breadcrumb\":{\"@id\":\"https:\/\/agricube.tech\/rd#breadcrumb\"},\"inLanguage\":\"es\",\"potentialAction\":[{\"@type\":\"ReadAction\",\"target\":[\"https:\/\/agricube.tech\/rd\"]}]},{\"@type\":\"BreadcrumbList\",\"@id\":\"https:\/\/agricube.tech\/rd#breadcrumb\",\"itemListElement\":[{\"@type\":\"ListItem\",\"position\":1,\"name\":\"Portada\",\"item\":\"https:\/\/agricube.tech\/\"},{\"@type\":\"ListItem\",\"position\":2,\"name\":\"R&#038;D\"}]},{\"@type\":\"WebSite\",\"@id\":\"https:\/\/agricube.tech\/#website\",\"url\":\"https:\/\/agricube.tech\/\",\"name\":\"Agricube\",\"description\":\"Experience the future of sustainable agriculture with our Vertical Farming website\",\"publisher\":{\"@id\":\"https:\/\/agricube.tech\/#organization\"},\"potentialAction\":[{\"@type\":\"SearchAction\",\"target\":{\"@type\":\"EntryPoint\",\"urlTemplate\":\"https:\/\/agricube.tech\/?s={search_term_string}\"},\"query-input\":\"required name=search_term_string\"}],\"inLanguage\":\"es\"},{\"@type\":\"Organization\",\"@id\":\"https:\/\/agricube.tech\/#organization\",\"name\":\"Agricube\",\"url\":\"https:\/\/agricube.tech\/\",\"logo\":{\"@type\":\"ImageObject\",\"inLanguage\":\"es\",\"@id\":\"https:\/\/agricube.tech\/#\/schema\/logo\/image\/\",\"url\":\"https:\/\/agricube.tech\/wp-content\/uploads\/2023\/05\/LOGO.jpeg\",\"contentUrl\":\"https:\/\/agricube.tech\/wp-content\/uploads\/2023\/05\/LOGO.jpeg\",\"width\":1564,\"height\":917,\"caption\":\"Agricube\"},\"image\":{\"@id\":\"https:\/\/agricube.tech\/#\/schema\/logo\/image\/\"},\"sameAs\":[\"https:\/\/www.facebook.com\/proinsener\/\",\"https:\/\/twitter.com\/proinsener\",\"https:\/\/www.linkedin.com\/company\/agricube-tech\/?viewAsMember=true\"]}]}<\/script>\n<!-- \/ Yoast SEO plugin. -->","yoast_head_json":{"title":"R&D - Agricube","robots":{"index":"index","follow":"follow","max-snippet":"max-snippet:-1","max-image-preview":"max-image-preview:large","max-video-preview":"max-video-preview:-1"},"canonical":"https:\/\/agricube.tech\/es_es\/rd\/","og_locale":"es_ES","og_type":"article","og_title":"R&D - Agricube","og_description":"Research &amp; Development Agribucube.Tech invests resources and funds for research and development projects in energy efficiency through photonic engineering projects, storage and efficient management of energy and water consumption. We work with universities and scientific centers in Spain and Europe in close relationship with primary producers and government scientific entities. Development lines: Quantum photo-conversion and [&hellip;]","og_url":"https:\/\/agricube.tech\/es_es\/rd\/","og_site_name":"Agricube","article_publisher":"https:\/\/www.facebook.com\/proinsener\/","article_modified_time":"2023-08-03T08:06:30+00:00","og_image":[{"url":"https:\/\/agricube.tech\/wp-content\/uploads\/2023\/06\/quantum-dots-1024x576.jpg"}],"twitter_card":"summary_large_image","twitter_site":"@proinsener","twitter_misc":{"Tiempo de lectura":"1 minuto"},"schema":{"@context":"https:\/\/schema.org","@graph":[{"@type":"WebPage","@id":"https:\/\/agricube.tech\/rd","url":"https:\/\/agricube.tech\/rd","name":"R&D - Agricube","isPartOf":{"@id":"https:\/\/agricube.tech\/#website"},"datePublished":"2023-06-12T19:23:14+00:00","dateModified":"2023-08-03T08:06:30+00:00","breadcrumb":{"@id":"https:\/\/agricube.tech\/rd#breadcrumb"},"inLanguage":"es","potentialAction":[{"@type":"ReadAction","target":["https:\/\/agricube.tech\/rd"]}]},{"@type":"BreadcrumbList","@id":"https:\/\/agricube.tech\/rd#breadcrumb","itemListElement":[{"@type":"ListItem","position":1,"name":"Portada","item":"https:\/\/agricube.tech\/"},{"@type":"ListItem","position":2,"name":"R&#038;D"}]},{"@type":"WebSite","@id":"https:\/\/agricube.tech\/#website","url":"https:\/\/agricube.tech\/","name":"Agricube","description":"Experience the future of sustainable agriculture with our Vertical Farming website","publisher":{"@id":"https:\/\/agricube.tech\/#organization"},"potentialAction":[{"@type":"SearchAction","target":{"@type":"EntryPoint","urlTemplate":"https:\/\/agricube.tech\/?s={search_term_string}"},"query-input":"required name=search_term_string"}],"inLanguage":"es"},{"@type":"Organization","@id":"https:\/\/agricube.tech\/#organization","name":"Agricube","url":"https:\/\/agricube.tech\/","logo":{"@type":"ImageObject","inLanguage":"es","@id":"https:\/\/agricube.tech\/#\/schema\/logo\/image\/","url":"https:\/\/agricube.tech\/wp-content\/uploads\/2023\/05\/LOGO.jpeg","contentUrl":"https:\/\/agricube.tech\/wp-content\/uploads\/2023\/05\/LOGO.jpeg","width":1564,"height":917,"caption":"Agricube"},"image":{"@id":"https:\/\/agricube.tech\/#\/schema\/logo\/image\/"},"sameAs":["https:\/\/www.facebook.com\/proinsener\/","https:\/\/twitter.com\/proinsener","https:\/\/www.linkedin.com\/company\/agricube-tech\/?viewAsMember=true"]}]}},"_links":{"self":[{"href":"https:\/\/agricube.tech\/es_es\/wp-json\/wp\/v2\/pages\/1708","targetHints":{"allow":["GET"]}}],"collection":[{"href":"https:\/\/agricube.tech\/es_es\/wp-json\/wp\/v2\/pages"}],"about":[{"href":"https:\/\/agricube.tech\/es_es\/wp-json\/wp\/v2\/types\/page"}],"author":[{"embeddable":true,"href":"https:\/\/agricube.tech\/es_es\/wp-json\/wp\/v2\/users\/1"}],"replies":[{"embeddable":true,"href":"https:\/\/agricube.tech\/es_es\/wp-json\/wp\/v2\/comments?post=1708"}],"version-history":[{"count":20,"href":"https:\/\/agricube.tech\/es_es\/wp-json\/wp\/v2\/pages\/1708\/revisions"}],"predecessor-version":[{"id":2504,"href":"https:\/\/agricube.tech\/es_es\/wp-json\/wp\/v2\/pages\/1708\/revisions\/2504"}],"wp:attachment":[{"href":"https:\/\/agricube.tech\/es_es\/wp-json\/wp\/v2\/media?parent=1708"}],"curies":[{"name":"wp","href":"https:\/\/api.w.org\/{rel}","templated":true}]}}