{"id":1744,"date":"2023-06-12T19:39:55","date_gmt":"2023-06-12T19:39:55","guid":{"rendered":"http:\/\/agricube.tech\/?page_id=1744"},"modified":"2023-08-31T07:22:23","modified_gmt":"2023-08-31T07:22:23","slug":"contact","status":"publish","type":"page","link":"https:\/\/agricube.tech\/es_es\/contact","title":{"rendered":"Contacto"},"content":{"rendered":"<div data-elementor-type=\"wp-page\" data-elementor-id=\"1744\" class=\"elementor elementor-1744\">\n\t\t\t\t\t\t<section class=\"elementor-section elementor-top-section elementor-element elementor-element-13ba04b elementor-section-boxed elementor-section-height-default elementor-section-height-default\" data-id=\"13ba04b\" data-element_type=\"section\">\n\t\t\t\t\t\t<div class=\"elementor-container elementor-column-gap-default\">\n\t\t\t\t\t<div class=\"elementor-column elementor-col-50 elementor-top-column elementor-element elementor-element-309381c\" data-id=\"309381c\" data-element_type=\"column\">\n\t\t\t<div class=\"elementor-widget-wrap elementor-element-populated\">\n\t\t\t\t\t\t<div class=\"elementor-element elementor-element-20c5e7d elementor-align-center elementor-widget__width-initial elementor-widget elementor-widget-button\" data-id=\"20c5e7d\" data-element_type=\"widget\" data-widget_type=\"button.default\">\n\t\t\t\t<div class=\"elementor-widget-container\">\n\t\t\t\t\t<div class=\"elementor-button-wrapper\">\n\t\t\t<a class=\"elementor-button elementor-button-link elementor-size-xl\" href=\"https:\/\/share-eu1.hsforms.com\/151X0ouCcRwSWbAD0QH3GvQ2b56h2\">\n\t\t\t\t\t\t<span class=\"elementor-button-content-wrapper\">\n\t\t\t\t\t\t<span class=\"elementor-button-icon elementor-align-icon-right\">\n\t\t\t\t<i aria-hidden=\"true\" class=\"far fa-calendar-alt\"><\/i>\t\t\t<\/span>\n\t\t\t\t\t\t<span class=\"elementor-button-text\">\u00a1Concierte una cita con nosotros!<\/span>\n\t\t<\/span>\n\t\t\t\t\t<\/a>\n\t\t<\/div>\n\t\t\t\t<\/div>\n\t\t\t\t<\/div>\n\t\t\t\t\t<\/div>\n\t\t<\/div>\n\t\t\t\t<div class=\"elementor-column elementor-col-50 elementor-top-column elementor-element elementor-element-b33ada8\" data-id=\"b33ada8\" data-element_type=\"column\">\n\t\t\t<div class=\"elementor-widget-wrap elementor-element-populated\">\n\t\t\t\t\t\t<div class=\"elementor-element elementor-element-0b6452f elementor-widget elementor-widget-heading\" data-id=\"0b6452f\" data-element_type=\"widget\" data-widget_type=\"heading.default\">\n\t\t\t\t<div class=\"elementor-widget-container\">\n\t\t\t<style>\/*! elementor - v3.19.0 - 26-02-2024 *\/\n.elementor-heading-title{padding:0;margin:0;line-height:1}.elementor-widget-heading .elementor-heading-title[class*=elementor-size-]>a{color:inherit;font-size:inherit;line-height:inherit}.elementor-widget-heading .elementor-heading-title.elementor-size-small{font-size:15px}.elementor-widget-heading .elementor-heading-title.elementor-size-medium{font-size:19px}.elementor-widget-heading .elementor-heading-title.elementor-size-large{font-size:29px}.elementor-widget-heading .elementor-heading-title.elementor-size-xl{font-size:39px}.elementor-widget-heading .elementor-heading-title.elementor-size-xxl{font-size:59px}<\/style><h1 class=\"elementor-heading-title elementor-size-default\"><u><b>Newsletter<\/b><\/u><\/h1>\t\t<\/div>\n\t\t\t\t<\/div>\n\t\t\t\t<div class=\"elementor-element elementor-element-e9e4412 elementor-invisible elementor-widget elementor-widget-text-editor\" data-id=\"e9e4412\" data-element_type=\"widget\" data-settings=\"{&quot;_animation&quot;:&quot;slideInRight&quot;}\" data-widget_type=\"text-editor.default\">\n\t\t\t\t<div class=\"elementor-widget-container\">\n\t\t\t<style>\/*! elementor - v3.19.0 - 26-02-2024 *\/\n.elementor-widget-text-editor.elementor-drop-cap-view-stacked .elementor-drop-cap{background-color:#69727d;color:#fff}.elementor-widget-text-editor.elementor-drop-cap-view-framed .elementor-drop-cap{color:#69727d;border:3px solid;background-color:transparent}.elementor-widget-text-editor:not(.elementor-drop-cap-view-default) .elementor-drop-cap{margin-top:8px}.elementor-widget-text-editor:not(.elementor-drop-cap-view-default) .elementor-drop-cap-letter{width:1em;height:1em}.elementor-widget-text-editor .elementor-drop-cap{float:left;text-align:center;line-height:1;font-size:50px}.elementor-widget-text-editor .elementor-drop-cap-letter{display:inline-block}<\/style>\t\t\t\t<p>Suscr\u00edbase al bolet\u00edn de Agricube\u00a0<\/p><p>y<\/p><p>\u00a1Mant\u00e9ngase al d\u00eda con las \u00faltimas noticias e innovaciones en este apasionante sector!<\/p>\t\t\t\t\t\t<\/div>\n\t\t\t\t<\/div>\n\t\t\t\t\t<\/div>\n\t\t<\/div>\n\t\t\t\t\t<\/div>\n\t\t<\/section>\n\t\t\t\t<section class=\"elementor-section elementor-top-section elementor-element elementor-element-a6b122a elementor-section-boxed elementor-section-height-default elementor-section-height-default\" data-id=\"a6b122a\" data-element_type=\"section\" data-settings=\"{&quot;background_background&quot;:&quot;gradient&quot;}\">\n\t\t\t\t\t\t<div class=\"elementor-container elementor-column-gap-default\">\n\t\t\t\t\t<div class=\"elementor-column elementor-col-50 elementor-top-column elementor-element elementor-element-297473c\" data-id=\"297473c\" data-element_type=\"column\">\n\t\t\t<div class=\"elementor-widget-wrap elementor-element-populated\">\n\t\t\t\t\t\t<div class=\"elementor-element elementor-element-06d682c elementor-arrows-position-inside elementor-pagination-position-outside elementor-widget elementor-widget-image-carousel\" data-id=\"06d682c\" data-element_type=\"widget\" data-settings=\"{&quot;slides_to_show&quot;:&quot;1&quot;,&quot;navigation&quot;:&quot;both&quot;,&quot;autoplay&quot;:&quot;yes&quot;,&quot;pause_on_hover&quot;:&quot;yes&quot;,&quot;pause_on_interaction&quot;:&quot;yes&quot;,&quot;autoplay_speed&quot;:5000,&quot;infinite&quot;:&quot;yes&quot;,&quot;effect&quot;:&quot;slide&quot;,&quot;speed&quot;:500}\" data-widget_type=\"image-carousel.default\">\n\t\t\t\t<div class=\"elementor-widget-container\">\n\t\t\t<style>\/*! elementor - v3.19.0 - 26-02-2024 *\/\n.elementor-widget-image-carousel .swiper,.elementor-widget-image-carousel .swiper-container{position:static}.elementor-widget-image-carousel .swiper-container .swiper-slide figure,.elementor-widget-image-carousel .swiper .swiper-slide figure{line-height:inherit}.elementor-widget-image-carousel .swiper-slide{text-align:center}.elementor-image-carousel-wrapper:not(.swiper-container-initialized):not(.swiper-initialized) .swiper-slide{max-width:calc(100% \/ var(--e-image-carousel-slides-to-show, 3))}<\/style>\t\t<div class=\"elementor-image-carousel-wrapper swiper\" dir=\"ltr\">\n\t\t\t<div class=\"elementor-image-carousel swiper-wrapper swiper-image-stretch\" aria-live=\"off\">\n\t\t\t\t\t\t\t\t<div class=\"swiper-slide\" role=\"group\" aria-roledescription=\"slide\" aria-label=\"1 de 10\"><figure class=\"swiper-slide-inner\"><img decoding=\"async\" class=\"swiper-slide-image\" src=\"https:\/\/agricube.tech\/wp-content\/uploads\/2023\/07\/jjjjjj-300x300.jpg\" alt=\"jjjjjj\" \/><\/figure><\/div><div class=\"swiper-slide\" role=\"group\" aria-roledescription=\"slide\" aria-label=\"2 de 10\"><figure class=\"swiper-slide-inner\"><img decoding=\"async\" class=\"swiper-slide-image\" src=\"https:\/\/agricube.tech\/wp-content\/uploads\/2023\/07\/forraje-verde-1-scaled-300x300.jpg\" alt=\"forraje verde 1\" \/><\/figure><\/div><div class=\"swiper-slide\" role=\"group\" aria-roledescription=\"slide\" aria-label=\"3 de 10\"><figure class=\"swiper-slide-inner\"><img decoding=\"async\" class=\"swiper-slide-image\" src=\"https:\/\/agricube.tech\/wp-content\/uploads\/2023\/07\/IMG-20221211-WA0021-300x300.jpg\" alt=\"IMG-20221211-WA0021\" \/><\/figure><\/div><div class=\"swiper-slide\" role=\"group\" aria-roledescription=\"slide\" aria-label=\"4 de 10\"><figure class=\"swiper-slide-inner\"><img decoding=\"async\" class=\"swiper-slide-image\" src=\"https:\/\/agricube.tech\/wp-content\/uploads\/2023\/07\/new-scaled-300x300.jpg\" alt=\"new\" \/><\/figure><\/div><div class=\"swiper-slide\" role=\"group\" aria-roledescription=\"slide\" aria-label=\"5 de 10\"><figure class=\"swiper-slide-inner\"><img decoding=\"async\" class=\"swiper-slide-image\" src=\"https:\/\/agricube.tech\/wp-content\/uploads\/2023\/07\/news-scaled-300x300.jpg\" alt=\"news\" \/><\/figure><\/div><div class=\"swiper-slide\" role=\"group\" aria-roledescription=\"slide\" aria-label=\"6 de 10\"><figure class=\"swiper-slide-inner\"><img decoding=\"async\" class=\"swiper-slide-image\" src=\"https:\/\/agricube.tech\/wp-content\/uploads\/2023\/07\/newss-scaled-300x300.jpg\" alt=\"newss\" \/><\/figure><\/div><div class=\"swiper-slide\" role=\"group\" aria-roledescription=\"slide\" aria-label=\"7 de 10\"><figure class=\"swiper-slide-inner\"><img decoding=\"async\" class=\"swiper-slide-image\" src=\"https:\/\/agricube.tech\/wp-content\/uploads\/2023\/07\/newsss-scaled-300x300.jpg\" alt=\"newsss\" \/><\/figure><\/div><div class=\"swiper-slide\" role=\"group\" aria-roledescription=\"slide\" aria-label=\"8 de 10\"><figure class=\"swiper-slide-inner\"><img decoding=\"async\" class=\"swiper-slide-image\" src=\"https:\/\/agricube.tech\/wp-content\/uploads\/2023\/07\/newssss-scaled-300x300.jpg\" alt=\"newssss\" \/><\/figure><\/div><div class=\"swiper-slide\" role=\"group\" aria-roledescription=\"slide\" aria-label=\"9 de 10\"><figure class=\"swiper-slide-inner\"><img decoding=\"async\" class=\"swiper-slide-image\" src=\"https:\/\/agricube.tech\/wp-content\/uploads\/2023\/07\/shutterstock_582691204-scaled-300x300.jpg\" alt=\"Microgreens,Growing,Urban,Farming,Rack,Organic,Sprout,Trays\" \/><\/figure><\/div><div class=\"swiper-slide\" role=\"group\" aria-roledescription=\"slide\" aria-label=\"10 de 10\"><figure class=\"swiper-slide-inner\"><img decoding=\"async\" class=\"swiper-slide-image\" src=\"https:\/\/agricube.tech\/wp-content\/uploads\/2023\/07\/web-300x300.jpg\" alt=\"web\" \/><\/figure><\/div>\t\t\t<\/div>\n\t\t\t\t\t\t\t\t\t\t\t\t<div class=\"elementor-swiper-button elementor-swiper-button-prev\" role=\"button\" tabindex=\"0\">\n\t\t\t\t\t\t<i aria-hidden=\"true\" class=\"eicon-chevron-left\"><\/i>\t\t\t\t\t<\/div>\n\t\t\t\t\t<div class=\"elementor-swiper-button elementor-swiper-button-next\" role=\"button\" tabindex=\"0\">\n\t\t\t\t\t\t<i aria-hidden=\"true\" class=\"eicon-chevron-right\"><\/i>\t\t\t\t\t<\/div>\n\t\t\t\t\n\t\t\t\t\t\t\t\t\t<div class=\"swiper-pagination\"><\/div>\n\t\t\t\t\t\t\t\t\t<\/div>\n\t\t\t\t<\/div>\n\t\t\t\t<\/div>\n\t\t\t\t\t<\/div>\n\t\t<\/div>\n\t\t\t\t<div class=\"elementor-column elementor-col-50 elementor-top-column elementor-element elementor-element-970a555\" data-id=\"970a555\" data-element_type=\"column\">\n\t\t\t<div class=\"elementor-widget-wrap elementor-element-populated\">\n\t\t\t\t\t\t<div class=\"elementor-element elementor-element-6db996a elementor-view-default elementor-invisible elementor-widget elementor-widget-icon\" data-id=\"6db996a\" data-element_type=\"widget\" data-settings=\"{&quot;_animation&quot;:&quot;fadeInDown&quot;}\" data-widget_type=\"icon.default\">\n\t\t\t\t<div class=\"elementor-widget-container\">\n\t\t\t\t\t<div class=\"elementor-icon-wrapper\">\n\t\t\t<div class=\"elementor-icon elementor-animation-pulse\">\n\t\t\t<i aria-hidden=\"true\" class=\"far fa-hand-point-down\"><\/i>\t\t\t<\/div>\n\t\t<\/div>\n\t\t\t\t<\/div>\n\t\t\t\t<\/div>\n\t\t\t\t<div class=\"elementor-element elementor-element-b304fe7 elementor-align-center elementor-widget__width-initial elementor-widget elementor-widget-button\" data-id=\"b304fe7\" data-element_type=\"widget\" data-widget_type=\"button.default\">\n\t\t\t\t<div class=\"elementor-widget-container\">\n\t\t\t\t\t<div class=\"elementor-button-wrapper\">\n\t\t\t<a class=\"elementor-button elementor-button-link elementor-size-lg\" href=\"https:\/\/share-eu1.hsforms.com\/1lK3jWJheRqezuRbDmUXWjA2b56h2\">\n\t\t\t\t\t\t<span class=\"elementor-button-content-wrapper\">\n\t\t\t\t\t\t<span class=\"elementor-button-icon elementor-align-icon-right\">\n\t\t\t\t<i aria-hidden=\"true\" class=\"far fa-newspaper\"><\/i>\t\t\t<\/span>\n\t\t\t\t\t\t<span class=\"elementor-button-text\">\u00a1Quiero unirme!<\/span>\n\t\t<\/span>\n\t\t\t\t\t<\/a>\n\t\t<\/div>\n\t\t\t\t<\/div>\n\t\t\t\t<\/div>\n\t\t\t\t\t<\/div>\n\t\t<\/div>\n\t\t\t\t\t<\/div>\n\t\t<\/section>\n\t\t\t\t<\/div>","protected":false},"excerpt":{"rendered":"<p>Schedule an appointment with us! Newsletter Join the Agricube\u00b4s newsletter\u00a0 and keep up to date with the latest news and innovations in this exciting sector! I want to join!<\/p>","protected":false},"author":1,"featured_media":0,"parent":0,"menu_order":0,"comment_status":"closed","ping_status":"closed","template":"","meta":{"footnotes":""},"class_list":["post-1744","page","type-page","status-publish","hentry"],"yoast_head":"<!-- This site is optimized with the Yoast SEO plugin v22.1 - https:\/\/yoast.com\/wordpress\/plugins\/seo\/ -->\n<title>Contact - Agricube<\/title>\n<meta name=\"robots\" content=\"index, follow, max-snippet:-1, max-image-preview:large, max-video-preview:-1\" \/>\n<link rel=\"canonical\" href=\"https:\/\/agricube.tech\/es_es\/contact\/\" \/>\n<meta property=\"og:locale\" content=\"es_ES\" \/>\n<meta property=\"og:type\" content=\"article\" \/>\n<meta property=\"og:title\" content=\"Contact - Agricube\" \/>\n<meta property=\"og:description\" content=\"Schedule an appointment with us! Newsletter Join the Agricube\u00b4s newsletter\u00a0 and keep up to date with the latest news and innovations in this exciting sector! I want to join!\" \/>\n<meta property=\"og:url\" content=\"https:\/\/agricube.tech\/es_es\/contact\/\" \/>\n<meta property=\"og:site_name\" content=\"Agricube\" \/>\n<meta property=\"article:publisher\" content=\"https:\/\/www.facebook.com\/proinsener\/\" \/>\n<meta property=\"article:modified_time\" content=\"2023-08-31T07:22:23+00:00\" \/>\n<meta property=\"og:image\" content=\"https:\/\/agricube.tech\/wp-content\/uploads\/2023\/07\/jjjjjj-300x300.jpg\" \/>\n<meta name=\"twitter:card\" content=\"summary_large_image\" \/>\n<meta name=\"twitter:site\" content=\"@proinsener\" \/>\n<meta name=\"twitter:label1\" content=\"Tiempo de lectura\" \/>\n\t<meta name=\"twitter:data1\" content=\"3 minutos\" \/>\n<script type=\"application\/ld+json\" class=\"yoast-schema-graph\">{\"@context\":\"https:\/\/schema.org\",\"@graph\":[{\"@type\":\"WebPage\",\"@id\":\"https:\/\/agricube.tech\/contact\",\"url\":\"https:\/\/agricube.tech\/contact\",\"name\":\"Contact - Agricube\",\"isPartOf\":{\"@id\":\"https:\/\/agricube.tech\/#website\"},\"datePublished\":\"2023-06-12T19:39:55+00:00\",\"dateModified\":\"2023-08-31T07:22:23+00:00\",\"breadcrumb\":{\"@id\":\"https:\/\/agricube.tech\/contact#breadcrumb\"},\"inLanguage\":\"es\",\"potentialAction\":[{\"@type\":\"ReadAction\",\"target\":[\"https:\/\/agricube.tech\/contact\"]}]},{\"@type\":\"BreadcrumbList\",\"@id\":\"https:\/\/agricube.tech\/contact#breadcrumb\",\"itemListElement\":[{\"@type\":\"ListItem\",\"position\":1,\"name\":\"Portada\",\"item\":\"https:\/\/agricube.tech\/\"},{\"@type\":\"ListItem\",\"position\":2,\"name\":\"Contact\"}]},{\"@type\":\"WebSite\",\"@id\":\"https:\/\/agricube.tech\/#website\",\"url\":\"https:\/\/agricube.tech\/\",\"name\":\"Agricube\",\"description\":\"Experience the future of sustainable agriculture with our Vertical Farming website\",\"publisher\":{\"@id\":\"https:\/\/agricube.tech\/#organization\"},\"potentialAction\":[{\"@type\":\"SearchAction\",\"target\":{\"@type\":\"EntryPoint\",\"urlTemplate\":\"https:\/\/agricube.tech\/?s={search_term_string}\"},\"query-input\":\"required name=search_term_string\"}],\"inLanguage\":\"es\"},{\"@type\":\"Organization\",\"@id\":\"https:\/\/agricube.tech\/#organization\",\"name\":\"Agricube\",\"url\":\"https:\/\/agricube.tech\/\",\"logo\":{\"@type\":\"ImageObject\",\"inLanguage\":\"es\",\"@id\":\"https:\/\/agricube.tech\/#\/schema\/logo\/image\/\",\"url\":\"https:\/\/agricube.tech\/wp-content\/uploads\/2023\/05\/LOGO.jpeg\",\"contentUrl\":\"https:\/\/agricube.tech\/wp-content\/uploads\/2023\/05\/LOGO.jpeg\",\"width\":1564,\"height\":917,\"caption\":\"Agricube\"},\"image\":{\"@id\":\"https:\/\/agricube.tech\/#\/schema\/logo\/image\/\"},\"sameAs\":[\"https:\/\/www.facebook.com\/proinsener\/\",\"https:\/\/twitter.com\/proinsener\",\"https:\/\/www.linkedin.com\/company\/agricube-tech\/?viewAsMember=true\"]}]}<\/script>\n<!-- \/ Yoast SEO plugin. -->","yoast_head_json":{"title":"Contact - Agricube","robots":{"index":"index","follow":"follow","max-snippet":"max-snippet:-1","max-image-preview":"max-image-preview:large","max-video-preview":"max-video-preview:-1"},"canonical":"https:\/\/agricube.tech\/es_es\/contact\/","og_locale":"es_ES","og_type":"article","og_title":"Contact - Agricube","og_description":"Schedule an appointment with us! Newsletter Join the Agricube\u00b4s newsletter\u00a0 and keep up to date with the latest news and innovations in this exciting sector! I want to join!","og_url":"https:\/\/agricube.tech\/es_es\/contact\/","og_site_name":"Agricube","article_publisher":"https:\/\/www.facebook.com\/proinsener\/","article_modified_time":"2023-08-31T07:22:23+00:00","og_image":[{"url":"https:\/\/agricube.tech\/wp-content\/uploads\/2023\/07\/jjjjjj-300x300.jpg"}],"twitter_card":"summary_large_image","twitter_site":"@proinsener","twitter_misc":{"Tiempo de lectura":"3 minutos"},"schema":{"@context":"https:\/\/schema.org","@graph":[{"@type":"WebPage","@id":"https:\/\/agricube.tech\/contact","url":"https:\/\/agricube.tech\/contact","name":"Contact - Agricube","isPartOf":{"@id":"https:\/\/agricube.tech\/#website"},"datePublished":"2023-06-12T19:39:55+00:00","dateModified":"2023-08-31T07:22:23+00:00","breadcrumb":{"@id":"https:\/\/agricube.tech\/contact#breadcrumb"},"inLanguage":"es","potentialAction":[{"@type":"ReadAction","target":["https:\/\/agricube.tech\/contact"]}]},{"@type":"BreadcrumbList","@id":"https:\/\/agricube.tech\/contact#breadcrumb","itemListElement":[{"@type":"ListItem","position":1,"name":"Portada","item":"https:\/\/agricube.tech\/"},{"@type":"ListItem","position":2,"name":"Contact"}]},{"@type":"WebSite","@id":"https:\/\/agricube.tech\/#website","url":"https:\/\/agricube.tech\/","name":"Agricube","description":"Experience the future of sustainable agriculture with our Vertical Farming website","publisher":{"@id":"https:\/\/agricube.tech\/#organization"},"potentialAction":[{"@type":"SearchAction","target":{"@type":"EntryPoint","urlTemplate":"https:\/\/agricube.tech\/?s={search_term_string}"},"query-input":"required name=search_term_string"}],"inLanguage":"es"},{"@type":"Organization","@id":"https:\/\/agricube.tech\/#organization","name":"Agricube","url":"https:\/\/agricube.tech\/","logo":{"@type":"ImageObject","inLanguage":"es","@id":"https:\/\/agricube.tech\/#\/schema\/logo\/image\/","url":"https:\/\/agricube.tech\/wp-content\/uploads\/2023\/05\/LOGO.jpeg","contentUrl":"https:\/\/agricube.tech\/wp-content\/uploads\/2023\/05\/LOGO.jpeg","width":1564,"height":917,"caption":"Agricube"},"image":{"@id":"https:\/\/agricube.tech\/#\/schema\/logo\/image\/"},"sameAs":["https:\/\/www.facebook.com\/proinsener\/","https:\/\/twitter.com\/proinsener","https:\/\/www.linkedin.com\/company\/agricube-tech\/?viewAsMember=true"]}]}},"_links":{"self":[{"href":"https:\/\/agricube.tech\/es_es\/wp-json\/wp\/v2\/pages\/1744","targetHints":{"allow":["GET"]}}],"collection":[{"href":"https:\/\/agricube.tech\/es_es\/wp-json\/wp\/v2\/pages"}],"about":[{"href":"https:\/\/agricube.tech\/es_es\/wp-json\/wp\/v2\/types\/page"}],"author":[{"embeddable":true,"href":"https:\/\/agricube.tech\/es_es\/wp-json\/wp\/v2\/users\/1"}],"replies":[{"embeddable":true,"href":"https:\/\/agricube.tech\/es_es\/wp-json\/wp\/v2\/comments?post=1744"}],"version-history":[{"count":110,"href":"https:\/\/agricube.tech\/es_es\/wp-json\/wp\/v2\/pages\/1744\/revisions"}],"predecessor-version":[{"id":2733,"href":"https:\/\/agricube.tech\/es_es\/wp-json\/wp\/v2\/pages\/1744\/revisions\/2733"}],"wp:attachment":[{"href":"https:\/\/agricube.tech\/es_es\/wp-json\/wp\/v2\/media?parent=1744"}],"curies":[{"name":"wp","href":"https:\/\/api.w.org\/{rel}","templated":true}]}}