{"id":2884,"date":"2024-02-27T19:53:49","date_gmt":"2024-02-27T19:53:49","guid":{"rendered":"https:\/\/agricube.tech\/?page_id=2884"},"modified":"2024-02-27T20:22:00","modified_gmt":"2024-02-27T20:22:00","slug":"calculadora-agricola-formulario","status":"publish","type":"page","link":"https:\/\/agricube.tech\/es_es\/calculadora-agricola-formulario","title":{"rendered":"Calculadora agricola formulario"},"content":{"rendered":"<div data-elementor-type=\"wp-page\" data-elementor-id=\"2884\" class=\"elementor elementor-2884\">\n\t\t\t\t\t\t<section class=\"elementor-section elementor-top-section elementor-element elementor-element-feaf6aa elementor-section-boxed elementor-section-height-default elementor-section-height-default\" data-id=\"feaf6aa\" data-element_type=\"section\">\n\t\t\t\t\t\t<div class=\"elementor-container elementor-column-gap-default\">\n\t\t\t\t\t<div class=\"elementor-column elementor-col-50 elementor-top-column elementor-element elementor-element-d5bd6aa\" data-id=\"d5bd6aa\" data-element_type=\"column\">\n\t\t\t<div class=\"elementor-widget-wrap elementor-element-populated\">\n\t\t\t\t\t\t<div class=\"elementor-element elementor-element-11e6694 elementor-widget elementor-widget-heading\" data-id=\"11e6694\" data-element_type=\"widget\" data-widget_type=\"heading.default\">\n\t\t\t\t<div class=\"elementor-widget-container\">\n\t\t\t<style>\/*! elementor - v3.19.0 - 26-02-2024 *\/\n.elementor-heading-title{padding:0;margin:0;line-height:1}.elementor-widget-heading .elementor-heading-title[class*=elementor-size-]>a{color:inherit;font-size:inherit;line-height:inherit}.elementor-widget-heading .elementor-heading-title.elementor-size-small{font-size:15px}.elementor-widget-heading .elementor-heading-title.elementor-size-medium{font-size:19px}.elementor-widget-heading .elementor-heading-title.elementor-size-large{font-size:29px}.elementor-widget-heading .elementor-heading-title.elementor-size-xl{font-size:39px}.elementor-widget-heading .elementor-heading-title.elementor-size-xxl{font-size:59px}<\/style><h1 class=\"elementor-heading-title elementor-size-default\">Bienvenido<\/h1>\t\t<\/div>\n\t\t\t\t<\/div>\n\t\t\t\t<div class=\"elementor-element elementor-element-89e79a2 elementor-widget__width-initial elementor-widget elementor-widget-text-editor\" data-id=\"89e79a2\" data-element_type=\"widget\" data-widget_type=\"text-editor.default\">\n\t\t\t\t<div class=\"elementor-widget-container\">\n\t\t\t<style>\/*! elementor - v3.19.0 - 26-02-2024 *\/\n.elementor-widget-text-editor.elementor-drop-cap-view-stacked .elementor-drop-cap{background-color:#69727d;color:#fff}.elementor-widget-text-editor.elementor-drop-cap-view-framed .elementor-drop-cap{color:#69727d;border:3px solid;background-color:transparent}.elementor-widget-text-editor:not(.elementor-drop-cap-view-default) .elementor-drop-cap{margin-top:8px}.elementor-widget-text-editor:not(.elementor-drop-cap-view-default) .elementor-drop-cap-letter{width:1em;height:1em}.elementor-widget-text-editor .elementor-drop-cap{float:left;text-align:center;line-height:1;font-size:50px}.elementor-widget-text-editor .elementor-drop-cap-letter{display:inline-block}<\/style>\t\t\t\t<p style=\"text-align: left;\">Nos gustar\u00eda conocerte. Cumplimenta la informaci\u00f3n adjunta, pulsa en el boton &#8220;ir a calculadora&#8221; y te redirigiremos a la calculadora agr\u00edcola.<\/p><p>Muchas gracias.<\/p>\t\t\t\t\t\t<\/div>\n\t\t\t\t<\/div>\n\t\t\t\t\t<\/div>\n\t\t<\/div>\n\t\t\t\t<div class=\"elementor-column elementor-col-50 elementor-top-column elementor-element elementor-element-b1b013b\" data-id=\"b1b013b\" data-element_type=\"column\">\n\t\t\t<div class=\"elementor-widget-wrap elementor-element-populated\">\n\t\t\t\t\t\t<div class=\"elementor-element elementor-element-ec4f4a1 elementor-widget elementor-widget-wpforms\" data-id=\"ec4f4a1\" data-element_type=\"widget\" data-widget_type=\"wpforms.default\">\n\t\t\t\t<div class=\"elementor-widget-container\">\n\t\t\t<div class=\"wpforms-container\" id=\"wpforms-1847\"><form id=\"wpforms-form-1847\" class=\"wpforms-validate wpforms-form wpforms-ajax-form\" data-formid=\"1847\" method=\"post\" enctype=\"multipart\/form-data\" action=\"\/es_es\/wp-json\/wp\/v2\/pages\/2884\" data-token=\"9d2d0fddae414f9129cbb2e8884ba674\" data-trp-original-action=\"\/es_es\/wp-json\/wp\/v2\/pages\/2884\"><noscript class=\"wpforms-error-noscript\">Por favor, activa JavaScript en tu navegador para completar este formulario.<\/noscript><div class=\"wpforms-field-container\"><div id=\"wpforms-1847-field_6-container\" class=\"wpforms-field wpforms-field-text\" data-field-id=\"6\"><label class=\"wpforms-field-label\" for=\"wpforms-1847-field_6\">Nombre <span class=\"wpforms-required-label\">*<\/span><\/label><input type=\"text\" id=\"wpforms-1847-field_6\" class=\"wpforms-field-medium wpforms-field-required\" name=\"wpforms[fields][6]\" required><\/div><div id=\"wpforms-1847-field_7-container\" class=\"wpforms-field wpforms-field-text\" data-field-id=\"7\"><label class=\"wpforms-field-label\" for=\"wpforms-1847-field_7\">Apellidos <span class=\"wpforms-required-label\">*<\/span><\/label><input type=\"text\" id=\"wpforms-1847-field_7\" class=\"wpforms-field-medium wpforms-field-required\" name=\"wpforms[fields][7]\" required><\/div><div id=\"wpforms-1847-field_5-container\" class=\"wpforms-field wpforms-field-name\" data-field-id=\"5\"><label class=\"wpforms-field-label\" for=\"wpforms-1847-field_5\">Empresa <span class=\"wpforms-required-label\">*<\/span><\/label><input type=\"text\" id=\"wpforms-1847-field_5\" class=\"wpforms-field-medium wpforms-field-required\" name=\"wpforms[fields][5]\" required><\/div><div id=\"wpforms-1847-field_9-container\" class=\"wpforms-field wpforms-field-text\" data-field-id=\"9\"><label class=\"wpforms-field-label\" for=\"wpforms-1847-field_9\">Cargo <span class=\"wpforms-required-label\">*<\/span><\/label><input type=\"text\" id=\"wpforms-1847-field_9\" class=\"wpforms-field-medium wpforms-field-required\" name=\"wpforms[fields][9]\" required><\/div><div id=\"wpforms-1847-field_1-container\" class=\"wpforms-field wpforms-field-email\" data-field-id=\"1\"><label class=\"wpforms-field-label\" for=\"wpforms-1847-field_1\">Correo electr\u00f3nico <span class=\"wpforms-required-label\">*<\/span><\/label><input type=\"email\" id=\"wpforms-1847-field_1\" class=\"wpforms-field-medium wpforms-field-required\" name=\"wpforms[fields][1]\" spellcheck=\"false\" required><\/div><div id=\"wpforms-1847-field_11-container\" class=\"wpforms-field wpforms-field-text\" data-field-id=\"11\"><label class=\"wpforms-field-label\" for=\"wpforms-1847-field_11\">Tel\u00e9fono<\/label><input type=\"text\" id=\"wpforms-1847-field_11\" class=\"wpforms-field-medium wpforms-masked-input\" data-rule-inputmask-incomplete=\"1\" data-inputmask-mask=\"+(99)-999999999\" name=\"wpforms[fields][11]\" placeholder=\"+99 999999999\" ><\/div><\/div><!-- .wpforms-field-container --><div class=\"wpforms-submit-container\" ><input type=\"hidden\" name=\"wpforms[id]\" value=\"1847\"><input type=\"hidden\" name=\"wpforms[author]\" value=\"1\"><button type=\"submit\" name=\"wpforms[submit]\" id=\"wpforms-submit-1847\" class=\"wpforms-submit\" data-alt-text=\"Redirigiendo...\" data-submit-text=\"Ir a calculadora\" aria-live=\"assertive\" value=\"wpforms-submit\">Ir a calculadora<\/button><img decoding=\"async\" src=\"https:\/\/agricube.tech\/wp-content\/plugins\/wpforms-lite\/assets\/images\/submit-spin.svg\" class=\"wpforms-submit-spinner\" style=\"display: none;\" width=\"26\" height=\"26\" alt=\"Cargando\"><\/div><input type=\"hidden\" name=\"trp-form-language\" value=\"es_es\"\/><\/form><\/div>  <!-- .wpforms-container -->\t\t<\/div>\n\t\t\t\t<\/div>\n\t\t\t\t\t<\/div>\n\t\t<\/div>\n\t\t\t\t\t<\/div>\n\t\t<\/section>\n\t\t\t\t<\/div>","protected":false},"excerpt":{"rendered":"<p>Bienvenido Nos gustar\u00eda conocerte. Cumplimenta la informaci\u00f3n adjunta, pulsa en el boton &#8220;ir a calculadora&#8221; y te redirigiremos a la calculadora agr\u00edcola. Muchas gracias. Por favor, activa JavaScript en tu navegador para completar este formulario.Nombre *Apellidos *Empresa *Cargo *Correo electr\u00f3nico *Tel\u00e9fono Ir a calculadora<\/p>","protected":false},"author":1,"featured_media":0,"parent":0,"menu_order":0,"comment_status":"closed","ping_status":"closed","template":"","meta":{"footnotes":""},"class_list":["post-2884","page","type-page","status-publish","hentry"],"yoast_head":"<!-- This site is optimized with the Yoast SEO plugin v22.1 - https:\/\/yoast.com\/wordpress\/plugins\/seo\/ -->\n<title>Calculadora agricola formulario - Agricube<\/title>\n<meta name=\"robots\" content=\"index, follow, max-snippet:-1, max-image-preview:large, max-video-preview:-1\" \/>\n<link rel=\"canonical\" href=\"https:\/\/agricube.tech\/es_es\/calculadora-agricola-formulario\/\" \/>\n<meta property=\"og:locale\" content=\"es_ES\" \/>\n<meta property=\"og:type\" content=\"article\" \/>\n<meta property=\"og:title\" content=\"Calculadora agricola formulario - Agricube\" \/>\n<meta property=\"og:description\" content=\"Bienvenido Nos gustar\u00eda conocerte. Cumplimenta la informaci\u00f3n adjunta, pulsa en el boton &#8220;ir a calculadora&#8221; y te redirigiremos a la calculadora agr\u00edcola. Muchas gracias. Por favor, activa JavaScript en tu navegador para completar este formulario.Nombre *Apellidos *Empresa *Cargo *Correo electr\u00f3nico *Tel\u00e9fono Ir a calculadora\" \/>\n<meta property=\"og:url\" content=\"https:\/\/agricube.tech\/es_es\/calculadora-agricola-formulario\/\" \/>\n<meta property=\"og:site_name\" content=\"Agricube\" \/>\n<meta property=\"article:publisher\" content=\"https:\/\/www.facebook.com\/proinsener\/\" \/>\n<meta property=\"article:modified_time\" content=\"2024-02-27T20:22:00+00:00\" \/>\n<meta property=\"og:image\" content=\"https:\/\/agricube.tech\/wp-content\/plugins\/wpforms-lite\/assets\/images\/submit-spin.svg\" \/>\n<meta name=\"twitter:card\" content=\"summary_large_image\" \/>\n<meta name=\"twitter:site\" content=\"@proinsener\" \/>\n<meta name=\"twitter:label1\" content=\"Tiempo de lectura\" \/>\n\t<meta name=\"twitter:data1\" content=\"1 minuto\" \/>\n<script type=\"application\/ld+json\" class=\"yoast-schema-graph\">{\"@context\":\"https:\/\/schema.org\",\"@graph\":[{\"@type\":\"WebPage\",\"@id\":\"https:\/\/agricube.tech\/calculadora-agricola-formulario\",\"url\":\"https:\/\/agricube.tech\/calculadora-agricola-formulario\",\"name\":\"Calculadora agricola formulario - Agricube\",\"isPartOf\":{\"@id\":\"https:\/\/agricube.tech\/#website\"},\"datePublished\":\"2024-02-27T19:53:49+00:00\",\"dateModified\":\"2024-02-27T20:22:00+00:00\",\"breadcrumb\":{\"@id\":\"https:\/\/agricube.tech\/calculadora-agricola-formulario#breadcrumb\"},\"inLanguage\":\"es\",\"potentialAction\":[{\"@type\":\"ReadAction\",\"target\":[\"https:\/\/agricube.tech\/calculadora-agricola-formulario\"]}]},{\"@type\":\"BreadcrumbList\",\"@id\":\"https:\/\/agricube.tech\/calculadora-agricola-formulario#breadcrumb\",\"itemListElement\":[{\"@type\":\"ListItem\",\"position\":1,\"name\":\"Portada\",\"item\":\"https:\/\/agricube.tech\/\"},{\"@type\":\"ListItem\",\"position\":2,\"name\":\"Calculadora agricola formulario\"}]},{\"@type\":\"WebSite\",\"@id\":\"https:\/\/agricube.tech\/#website\",\"url\":\"https:\/\/agricube.tech\/\",\"name\":\"Agricube\",\"description\":\"Experience the future of sustainable agriculture with our Vertical Farming website\",\"publisher\":{\"@id\":\"https:\/\/agricube.tech\/#organization\"},\"potentialAction\":[{\"@type\":\"SearchAction\",\"target\":{\"@type\":\"EntryPoint\",\"urlTemplate\":\"https:\/\/agricube.tech\/?s={search_term_string}\"},\"query-input\":\"required name=search_term_string\"}],\"inLanguage\":\"es\"},{\"@type\":\"Organization\",\"@id\":\"https:\/\/agricube.tech\/#organization\",\"name\":\"Agricube\",\"url\":\"https:\/\/agricube.tech\/\",\"logo\":{\"@type\":\"ImageObject\",\"inLanguage\":\"es\",\"@id\":\"https:\/\/agricube.tech\/#\/schema\/logo\/image\/\",\"url\":\"https:\/\/agricube.tech\/wp-content\/uploads\/2023\/05\/LOGO.jpeg\",\"contentUrl\":\"https:\/\/agricube.tech\/wp-content\/uploads\/2023\/05\/LOGO.jpeg\",\"width\":1564,\"height\":917,\"caption\":\"Agricube\"},\"image\":{\"@id\":\"https:\/\/agricube.tech\/#\/schema\/logo\/image\/\"},\"sameAs\":[\"https:\/\/www.facebook.com\/proinsener\/\",\"https:\/\/twitter.com\/proinsener\",\"https:\/\/www.linkedin.com\/company\/agricube-tech\/?viewAsMember=true\"]}]}<\/script>\n<!-- \/ Yoast SEO plugin. -->","yoast_head_json":{"title":"Calculadora agricola formulario - Agricube","robots":{"index":"index","follow":"follow","max-snippet":"max-snippet:-1","max-image-preview":"max-image-preview:large","max-video-preview":"max-video-preview:-1"},"canonical":"https:\/\/agricube.tech\/es_es\/calculadora-agricola-formulario\/","og_locale":"es_ES","og_type":"article","og_title":"Calculadora agricola formulario - Agricube","og_description":"Bienvenido Nos gustar\u00eda conocerte. Cumplimenta la informaci\u00f3n adjunta, pulsa en el boton &#8220;ir a calculadora&#8221; y te redirigiremos a la calculadora agr\u00edcola. Muchas gracias. Por favor, activa JavaScript en tu navegador para completar este formulario.Nombre *Apellidos *Empresa *Cargo *Correo electr\u00f3nico *Tel\u00e9fono Ir a calculadora","og_url":"https:\/\/agricube.tech\/es_es\/calculadora-agricola-formulario\/","og_site_name":"Agricube","article_publisher":"https:\/\/www.facebook.com\/proinsener\/","article_modified_time":"2024-02-27T20:22:00+00:00","og_image":[{"url":"https:\/\/agricube.tech\/wp-content\/plugins\/wpforms-lite\/assets\/images\/submit-spin.svg"}],"twitter_card":"summary_large_image","twitter_site":"@proinsener","twitter_misc":{"Tiempo de lectura":"1 minuto"},"schema":{"@context":"https:\/\/schema.org","@graph":[{"@type":"WebPage","@id":"https:\/\/agricube.tech\/calculadora-agricola-formulario","url":"https:\/\/agricube.tech\/calculadora-agricola-formulario","name":"Calculadora agricola formulario - Agricube","isPartOf":{"@id":"https:\/\/agricube.tech\/#website"},"datePublished":"2024-02-27T19:53:49+00:00","dateModified":"2024-02-27T20:22:00+00:00","breadcrumb":{"@id":"https:\/\/agricube.tech\/calculadora-agricola-formulario#breadcrumb"},"inLanguage":"es","potentialAction":[{"@type":"ReadAction","target":["https:\/\/agricube.tech\/calculadora-agricola-formulario"]}]},{"@type":"BreadcrumbList","@id":"https:\/\/agricube.tech\/calculadora-agricola-formulario#breadcrumb","itemListElement":[{"@type":"ListItem","position":1,"name":"Portada","item":"https:\/\/agricube.tech\/"},{"@type":"ListItem","position":2,"name":"Calculadora agricola formulario"}]},{"@type":"WebSite","@id":"https:\/\/agricube.tech\/#website","url":"https:\/\/agricube.tech\/","name":"Agricube","description":"Experience the future of sustainable agriculture with our Vertical Farming website","publisher":{"@id":"https:\/\/agricube.tech\/#organization"},"potentialAction":[{"@type":"SearchAction","target":{"@type":"EntryPoint","urlTemplate":"https:\/\/agricube.tech\/?s={search_term_string}"},"query-input":"required name=search_term_string"}],"inLanguage":"es"},{"@type":"Organization","@id":"https:\/\/agricube.tech\/#organization","name":"Agricube","url":"https:\/\/agricube.tech\/","logo":{"@type":"ImageObject","inLanguage":"es","@id":"https:\/\/agricube.tech\/#\/schema\/logo\/image\/","url":"https:\/\/agricube.tech\/wp-content\/uploads\/2023\/05\/LOGO.jpeg","contentUrl":"https:\/\/agricube.tech\/wp-content\/uploads\/2023\/05\/LOGO.jpeg","width":1564,"height":917,"caption":"Agricube"},"image":{"@id":"https:\/\/agricube.tech\/#\/schema\/logo\/image\/"},"sameAs":["https:\/\/www.facebook.com\/proinsener\/","https:\/\/twitter.com\/proinsener","https:\/\/www.linkedin.com\/company\/agricube-tech\/?viewAsMember=true"]}]}},"_links":{"self":[{"href":"https:\/\/agricube.tech\/es_es\/wp-json\/wp\/v2\/pages\/2884","targetHints":{"allow":["GET"]}}],"collection":[{"href":"https:\/\/agricube.tech\/es_es\/wp-json\/wp\/v2\/pages"}],"about":[{"href":"https:\/\/agricube.tech\/es_es\/wp-json\/wp\/v2\/types\/page"}],"author":[{"embeddable":true,"href":"https:\/\/agricube.tech\/es_es\/wp-json\/wp\/v2\/users\/1"}],"replies":[{"embeddable":true,"href":"https:\/\/agricube.tech\/es_es\/wp-json\/wp\/v2\/comments?post=2884"}],"version-history":[{"count":22,"href":"https:\/\/agricube.tech\/es_es\/wp-json\/wp\/v2\/pages\/2884\/revisions"}],"predecessor-version":[{"id":2911,"href":"https:\/\/agricube.tech\/es_es\/wp-json\/wp\/v2\/pages\/2884\/revisions\/2911"}],"wp:attachment":[{"href":"https:\/\/agricube.tech\/es_es\/wp-json\/wp\/v2\/media?parent=2884"}],"curies":[{"name":"wp","href":"https:\/\/api.w.org\/{rel}","templated":true}]}}